{"id":1544,"date":"2013-11-17T13:48:44","date_gmt":"2013-11-17T12:48:44","guid":{"rendered":"http:\/\/babar.chili.ch\/wordpress\/?page_id=1544"},"modified":"2022-11-18T14:12:55","modified_gmt":"2022-11-18T13:12:55","slug":"jetztgrad","status":"publish","type":"page","link":"https:\/\/www.le-roi-babar.ch\/?page_id=1544","title":{"rendered":"Aktuell"},"content":{"rendered":"<p>Wir haben jeweilen versucht, hier etwas \u00fcber den aktuellen Standort, beziehungsweise die gerade stattfindende Fahrt von Le Roi BABAR (oder technische Arbeiten am Schiff) zu berichten (<em>&#8222;k\u00fcrzlich und jetztgrad&#8220;<\/em>).<\/p>\n<address>Bei dieser Gelegenheit vielen Dank f\u00fcr die (meist grossz\u00fcgig zur Verf\u00fcgung gestellten, wenn auch nicht allzu dicht ges\u00e4ten) Internetzug\u00e4nge an vielen Standorten unterwegs!<\/address>\n<p>Beobachtungen am Kanalrand und &#8222;besondere Vorkomnisse&#8220; registrierten wir unter &#8222;<em>dies und das&#8220;<\/em>.<\/p>\n<p>Das Kapitel &#8222;<em>Zahlen &#8211; Statistik&#8220;<\/em> schliesslich bringt\u00a0Eckdaten und -zahlen sowie statistische Spielereien rund um unsere Fahrten.<\/p>\n","protected":false},"excerpt":{"rendered":"<p>Wir haben jeweilen versucht, hier etwas \u00fcber den aktuellen Standort, beziehungsweise die gerade stattfindende Fahrt von Le Roi BABAR (oder technische Arbeiten am Schiff) zu berichten (&#8222;k\u00fcrzlich und jetztgrad&#8220;). Bei dieser Gelegenheit vielen Dank f\u00fcr die (meist grossz\u00fcgig zur Verf\u00fcgung &hellip; <a href=\"https:\/\/www.le-roi-babar.ch\/?page_id=1544\">Weiterlesen <span class=\"meta-nav\">&rarr;<\/span><\/a><\/p>\n","protected":false},"author":1,"featured_media":5022,"parent":0,"menu_order":0,"comment_status":"closed","ping_status":"closed","template":"showcase.php","meta":{"footnotes":""},"class_list":["post-1544","page","type-page","status-publish","has-post-thumbnail","hentry"],"_links":{"self":[{"href":"https:\/\/www.le-roi-babar.ch\/index.php?rest_route=\/wp\/v2\/pages\/1544","targetHints":{"allow":["GET"]}}],"collection":[{"href":"https:\/\/www.le-roi-babar.ch\/index.php?rest_route=\/wp\/v2\/pages"}],"about":[{"href":"https:\/\/www.le-roi-babar.ch\/index.php?rest_route=\/wp\/v2\/types\/page"}],"author":[{"embeddable":true,"href":"https:\/\/www.le-roi-babar.ch\/index.php?rest_route=\/wp\/v2\/users\/1"}],"replies":[{"embeddable":true,"href":"https:\/\/www.le-roi-babar.ch\/index.php?rest_route=%2Fwp%2Fv2%2Fcomments&post=1544"}],"version-history":[{"count":26,"href":"https:\/\/www.le-roi-babar.ch\/index.php?rest_route=\/wp\/v2\/pages\/1544\/revisions"}],"predecessor-version":[{"id":9932,"href":"https:\/\/www.le-roi-babar.ch\/index.php?rest_route=\/wp\/v2\/pages\/1544\/revisions\/9932"}],"wp:featuredmedia":[{"embeddable":true,"href":"https:\/\/www.le-roi-babar.ch\/index.php?rest_route=\/wp\/v2\/media\/5022"}],"wp:attachment":[{"href":"https:\/\/www.le-roi-babar.ch\/index.php?rest_route=%2Fwp%2Fv2%2Fmedia&parent=1544"}],"curies":[{"name":"wp","href":"https:\/\/api.w.org\/{rel}","templated":true}]}}