{"id":4702,"date":"2015-10-17T19:42:26","date_gmt":"2015-10-17T17:42:26","guid":{"rendered":"http:\/\/babar.chili.ch\/wordpress\/?page_id=4702"},"modified":"2022-11-18T14:10:01","modified_gmt":"2022-11-18T13:10:01","slug":"statistisches","status":"publish","type":"page","link":"https:\/\/www.le-roi-babar.ch\/?page_id=4702","title":{"rendered":"Zahlen &#8211; Statistik"},"content":{"rendered":"<p><em><strong>Vorbemerkung:<br \/>\nDie Jahre 2020-21 haben auch statistisch f\u00fcr Le Roi BABAR nicht stattgefunden&#8230;&#8230;<\/strong><\/em><\/p>\n<p><strong>Daten<\/strong><\/p>\n<p><strong>Uebernahme\u00a0\u00a0\u00a0\u00a0 <\/strong>3. Mai 2011<\/p>\n<p><strong>\u00a0\u00a0\u00a0\u00a0\u00a0\u00a0\u00a0\u00a0\u00a0\u00a0\u00a0\u00a0\u00a0\u00a0\u00a0\u00a0\u00a0\u00a0\u00a0\u00a0\u00a0\u00a0\u00a0\u00a0 Auswintern\u00a0\u00a0\u00a0\u00a0\u00a0\u00a0\u00a0\u00a0\u00a0 Einwintern<\/strong><\/p>\n<p>2011\u00a0\u00a0\u00a0\u00a0\u00a0\u00a0\u00a0\u00a0\u00a0\u00a0\u00a0\u00a0\u00a0\u00a0\u00a0\u00a0 &#8211;\u00a0\u00a0\u00a0\u00a0\u00a0\u00a0\u00a0\u00a0\u00a0\u00a0\u00a0\u00a0\u00a0\u00a0\u00a0\u00a0\u00a0\u00a0\u00a0\u00a0\u00a0\u00a0\u00a0\u00a0\u00a0\u00a0 15. November<br \/>\n2012\u00a0\u00a0\u00a0\u00a0\u00a0\u00a0\u00a0\u00a0\u00a0\u00a0\u00a0\u00a0\u00a0\u00a0\u00a0\u00a0 25. M\u00e4rz\u00a0\u00a0\u00a0\u00a0\u00a0\u00a0\u00a0\u00a0\u00a0\u00a0\u00a0\u00a0\u00a0\u00a0\u00a0 6. November<br \/>\n2013\u00a0\u00a0\u00a0\u00a0\u00a0\u00a0\u00a0\u00a0\u00a0\u00a0\u00a0\u00a0\u00a0\u00a0\u00a0\u00a0 25. M\u00e4rz\u00a0\u00a0\u00a0\u00a0\u00a0\u00a0\u00a0\u00a0\u00a0\u00a0\u00a0\u00a0\u00a0\u00a0\u00a0 1. November<br \/>\n2014\u00a0\u00a0\u00a0\u00a0\u00a0\u00a0\u00a0\u00a0\u00a0\u00a0\u00a0\u00a0\u00a0\u00a0\u00a0\u00a0 24. M\u00e4rz\u00a0\u00a0\u00a0\u00a0\u00a0\u00a0\u00a0\u00a0\u00a0\u00a0\u00a0\u00a0\u00a0\u00a020. November<br \/>\n2015\u00a0\u00a0\u00a0\u00a0\u00a0\u00a0\u00a0\u00a0\u00a0\u00a0\u00a0\u00a0\u00a0\u00a0\u00a0\u00a0 24. M\u00e4rz\u00a0\u00a0\u00a0\u00a0\u00a0\u00a0\u00a0\u00a0\u00a0\u00a0\u00a0\u00a0\u00a0\u00a0 \u00a04. November<br \/>\n2016\u00a0\u00a0\u00a0\u00a0\u00a0\u00a0\u00a0\u00a0\u00a0\u00a0\u00a0\u00a0\u00a0\u00a0\u00a0\u00a0 15. M\u00e4rz\u00a0\u00a0\u00a0\u00a0\u00a0\u00a0\u00a0\u00a0\u00a0\u00a0\u00a0\u00a0\u00a0 31. Oktober<br \/>\n2017\u00a0\u00a0 \u00a0\u00a0\u00a0\u00a0\u00a0\u00a0\u00a0\u00a0\u00a0\u00a0\u00a0\u00a0\u00a0 29. M\u00e4rz\u00a0\u00a0\u00a0\u00a0\u00a0\u00a0\u00a0\u00a0\u00a0\u00a0\u00a0\u00a0\u00a0 12. November<br \/>\n2018\u00a0\u00a0\u00a0\u00a0\u00a0\u00a0\u00a0\u00a0\u00a0\u00a0\u00a0\u00a0\u00a0\u00a0\u00a0\u00a0 24. M\u00e4rz\u00a0\u00a0\u00a0\u00a0\u00a0\u00a0\u00a0\u00a0\u00a0\u00a0\u00a0\u00a0\u00a0 29. Oktober<br \/>\n2019\u00a0\u00a0\u00a0\u00a0\u00a0\u00a0\u00a0\u00a0\u00a0\u00a0\u00a0\u00a0\u00a0\u00a0\u00a0\u00a0 26. M\u00e4rz\u00a0\u00a0\u00a0\u00a0\u00a0\u00a0\u00a0\u00a0\u00a0\u00a0\u00a0\u00a0\u00a0 15. Oktober<\/p>\n<p><strong>Betriebsstunden am 31.12.2019<\/strong><\/p>\n<p><strong>Gesamt &#8211; Betriebsstunden Motor\u00a0\u00a0\u00a0\u00a0\u00a0\u00a0\u00a0\u00a0\u00a0\u00a0\u00a01&#8217;122\u00a0\u00a0\u00a0\u00a0\u00a0\u00a0\u00a0\u00a0\u00a0\u00a0\u00a0\u00a0\u00a0\u00a0\u00a0\u00a0\u00a0\u00a0\u00a0 <\/strong><\/p>\n<p><strong>Gesamt &#8211; Betriebsstunden Generator\u00a0\u00a0\u00a0\u00a0\u00a0 180\u00a0\u00a0\u00a0\u00a0\u00a0\u00a0\u00a0\u00a0 <\/strong><\/p>\n<p>&nbsp;<\/p>\n<p><strong>Durchschnittswerte<\/strong><\/p>\n<p><strong>Treibstoffverbrauch<\/strong><strong><br \/>\n<\/strong>Motor\u00a0\u00a0\u00a0\u00a0\u00a0\u00a0\u00a0\u00a0\u00a0\u00a0\u00a0\u00a0\u00a0\u00a0\u00a0\u00a0\u00a0\u00a0\u00a0\u00a0 ca\u00a0\u00a0\u00a0\u00a0 3,7\u00a0 l \/ h<br \/>\nGenerator\u00a0\u00a0\u00a0\u00a0\u00a0\u00a0\u00a0\u00a0\u00a0\u00a0\u00a0\u00a0\u00a0\u00a0 ca\u00a0\u00a0\u00a0\u00a0\u00a05 \u00a0\u00a0\u00a0 l \/ h<br \/>\nHeizung\u00a0\u00a0\u00a0\u00a0\u00a0\u00a0\u00a0\u00a0\u00a0\u00a0\u00a0\u00a0\u00a0\u00a0\u00a0\u00a0 \u00a0ca\u00a0\u00a0\u00a0\u00a0\u00a01 \u00a0\u00a0\u00a0 l \/ h<br \/>\nMix &#8222;\u00fcber Alles&#8220;\u00a0 \u00a0 \u00a0 ca\u00a0\u00a0\u00a0\u00a0\u00a04,5\u00a0 l \/ h<\/p>\n<p><strong>Wasserverbrauch<br \/>\n<\/strong>Person \/ Woche\u00a0<strong>\u00a0 \u00a0<\/strong>ca\u00a0\u00a0\u00a0\u00a0 100 l<\/p>\n<h3><\/h3>\n<p>&nbsp;<\/p>\n<p><strong>Statistische Spielereien<\/strong><\/p>\n<table width=\"550\">\n<tbody>\n<tr>\n<td width=\"200\">\n<h6><strong>Jahr<\/strong><\/h6>\n<\/td>\n<td width=\"67\">\n<h6><strong>2011<\/strong><\/h6>\n<\/td>\n<td width=\"67\">\n<h6><strong>2012<\/strong><\/h6>\n<\/td>\n<td width=\"67\">\n<h6><strong>2013<\/strong><\/h6>\n<\/td>\n<td width=\"67\">\n<h6><strong>2014<\/strong><\/h6>\n<\/td>\n<td width=\"66\">\n<h6><strong>2015<\/strong><\/h6>\n<\/td>\n<\/tr>\n<tr>\n<td width=\"200\">\n<h6>Tage auf dem Schiff<\/h6>\n<\/td>\n<td width=\"67\">\n<h6>50<\/h6>\n<\/td>\n<td width=\"67\">\n<h6>65<\/h6>\n<\/td>\n<td width=\"67\">\n<h6>80<\/h6>\n<\/td>\n<td width=\"67\">\n<h6>30<\/h6>\n<\/td>\n<td width=\"66\">\n<h6>60<\/h6>\n<\/td>\n<\/tr>\n<tr>\n<td width=\"200\">\n<h6>davon Fahrtage<\/h6>\n<\/td>\n<td width=\"67\">\n<h6>30<\/h6>\n<\/td>\n<td width=\"67\">\n<h6>30<\/h6>\n<\/td>\n<td width=\"67\">\n<h6>40<\/h6>\n<\/td>\n<td width=\"67\">\n<h6>20<\/h6>\n<\/td>\n<td width=\"66\">\n<h6>45<\/h6>\n<\/td>\n<\/tr>\n<tr>\n<td width=\"200\">\n<h6>Motorenstunden*<\/h6>\n<\/td>\n<td width=\"67\">\n<h6>120<\/h6>\n<\/td>\n<td width=\"67\">\n<h6>140<\/h6>\n<\/td>\n<td width=\"67\">\n<h6>200<\/h6>\n<\/td>\n<td width=\"67\">\n<h6>90<\/h6>\n<\/td>\n<td width=\"66\">\n<h6>190<\/h6>\n<\/td>\n<\/tr>\n<tr>\n<td width=\"200\">\n<h6>Motorenstunden* pro Fahrtag<\/h6>\n<\/td>\n<td width=\"67\">\n<h6>4<\/h6>\n<\/td>\n<td width=\"67\">\n<h6>4,7<\/h6>\n<\/td>\n<td width=\"67\">\n<h6>5<\/h6>\n<\/td>\n<td width=\"67\">\n<h6>4,5<\/h6>\n<\/td>\n<td width=\"66\">\n<h6>4,2<\/h6>\n<\/td>\n<\/tr>\n<tr>\n<td width=\"200\">\n<h6>gefahrene km<\/h6>\n<\/td>\n<td width=\"67\">\n<h6>?<\/h6>\n<\/td>\n<td width=\"67\">\n<h6>?<\/h6>\n<\/td>\n<td width=\"67\">\n<h6>920<\/h6>\n<\/td>\n<td width=\"67\">\n<h6>420<\/h6>\n<\/td>\n<td width=\"66\">\n<h6>650<\/h6>\n<\/td>\n<\/tr>\n<tr>\n<td width=\"200\">\n<h6>km pro Fahrtag<\/h6>\n<\/td>\n<td width=\"67\">\n<h6>?<\/h6>\n<\/td>\n<td width=\"67\">\n<h6>?<\/h6>\n<\/td>\n<td width=\"67\">\n<h6>23<\/h6>\n<\/td>\n<td width=\"67\">\n<h6>21<\/h6>\n<\/td>\n<td width=\"66\">\n<h6>14,5<\/h6>\n<\/td>\n<\/tr>\n<tr>\n<td width=\"200\">\n<h6>km pro Motorenstunde*<\/h6>\n<\/td>\n<td width=\"67\">\n<h6>?<\/h6>\n<\/td>\n<td width=\"67\">\n<h6>?<\/h6>\n<\/td>\n<td width=\"67\">\n<h6>4,6<\/h6>\n<\/td>\n<td width=\"67\">\n<h6>4,7<\/h6>\n<\/td>\n<td width=\"66\">\n<h6>3,4<\/h6>\n<\/td>\n<\/tr>\n<tr>\n<td width=\"200\">\n<h6>gefahrene Schleusen<\/h6>\n<\/td>\n<td width=\"67\">\n<h6>?<\/h6>\n<\/td>\n<td width=\"67\">\n<h6>?<\/h6>\n<\/td>\n<td width=\"67\">\n<h6>300<\/h6>\n<\/td>\n<td width=\"67\">\n<h6>100<\/h6>\n<\/td>\n<td width=\"66\">\n<h6>200<\/h6>\n<\/td>\n<\/tr>\n<tr>\n<td width=\"200\">\n<h6>Schleusen pro Fahrtag<\/h6>\n<\/td>\n<td width=\"67\">\n<h6>?<\/h6>\n<\/td>\n<td width=\"67\">\n<h6>?<\/h6>\n<\/td>\n<td width=\"67\">\n<h6>7,5<\/h6>\n<\/td>\n<td width=\"67\">\n<h6>5<\/h6>\n<\/td>\n<td width=\"66\">\n<h6>4,4<\/h6>\n<\/td>\n<\/tr>\n<tr>\n<td width=\"200\">\n<h6>Schleusen pro Motorenstunde*<\/h6>\n<\/td>\n<td width=\"67\">\n<h6>?<\/h6>\n<\/td>\n<td width=\"67\">\n<h6>?<\/h6>\n<\/td>\n<td width=\"67\">\n<h6>1,5<\/h6>\n<\/td>\n<td width=\"67\">\n<h6>1,1<\/h6>\n<\/td>\n<td width=\"66\">\n<h6>1<\/h6>\n<\/td>\n<\/tr>\n<\/tbody>\n<\/table>\n<h6><\/h6>\n<p>&nbsp;<\/p>\n<h6><\/h6>\n<h6><\/h6>\n<table style=\"height: 434px;\" width=\"584\">\n<tbody>\n<tr>\n<td width=\"205\">\n<h6><strong>Jahr<\/strong><\/h6>\n<\/td>\n<td width=\"64\">\n<h6><strong>2016<\/strong><\/h6>\n<\/td>\n<td width=\"64\">\n<h6><strong>2017<\/strong><\/h6>\n<\/td>\n<td width=\"74\">\n<h6><strong>2018<\/strong><\/h6>\n<\/td>\n<td width=\"64\">\n<h6><strong>2019<\/strong><\/h6>\n<\/td>\n<td width=\"63\">\n<h6><\/h6>\n<\/td>\n<\/tr>\n<tr>\n<td width=\"205\">\n<h6>Tage auf dem Schiff<\/h6>\n<\/td>\n<td width=\"64\">\n<h6>40<\/h6>\n<\/td>\n<td width=\"64\">\n<h6>50<\/h6>\n<\/td>\n<td width=\"74\">\n<h6>60<\/h6>\n<\/td>\n<td width=\"64\">\n<h6>50<\/h6>\n<\/td>\n<td width=\"63\">\n<h6><\/h6>\n<\/td>\n<\/tr>\n<tr>\n<td width=\"205\">\n<h6>davon Fahrtage<\/h6>\n<\/td>\n<td width=\"64\">\n<h6>25<\/h6>\n<\/td>\n<td width=\"64\">\n<h6>35<\/h6>\n<\/td>\n<td width=\"74\">\n<h6>35<\/h6>\n<\/td>\n<td width=\"64\">\n<h6>27<\/h6>\n<\/td>\n<td width=\"63\">\n<h6><\/h6>\n<\/td>\n<\/tr>\n<tr>\n<td width=\"205\">\n<h6>Motorenstunden*<\/h6>\n<\/td>\n<td width=\"64\">\n<h6>85<\/h6>\n<\/td>\n<td width=\"64\">\n<h6>120<\/h6>\n<\/td>\n<td width=\"74\">\n<h6>110<\/h6>\n<\/td>\n<td width=\"64\">\n<h6>85<\/h6>\n<\/td>\n<td width=\"63\">\n<h6><\/h6>\n<\/td>\n<\/tr>\n<tr>\n<td width=\"205\">\n<h6>Motorenstunden* pro Fahrtag<\/h6>\n<\/td>\n<td width=\"64\">\n<h6>3,4<\/h6>\n<\/td>\n<td width=\"64\">\n<h6>3,5<\/h6>\n<\/td>\n<td width=\"74\">\n<h6>3,1<\/h6>\n<\/td>\n<td width=\"64\">\n<h6>3,1<\/h6>\n<\/td>\n<td width=\"63\">\n<h6><\/h6>\n<\/td>\n<\/tr>\n<tr>\n<td width=\"205\">\n<h6>gefahrene km<\/h6>\n<\/td>\n<td width=\"64\">\n<h6>380<\/h6>\n<\/td>\n<td width=\"64\">\n<h6>540<\/h6>\n<\/td>\n<td width=\"74\">\n<h6>520<\/h6>\n<\/td>\n<td width=\"64\">\n<h6>345<\/h6>\n<\/td>\n<td width=\"63\">\n<h6><\/h6>\n<\/td>\n<\/tr>\n<tr>\n<td width=\"205\">\n<h6>km pro Fahrtag<\/h6>\n<\/td>\n<td width=\"64\">\n<h6>15,2<\/h6>\n<\/td>\n<td width=\"64\">\n<h6>15,4<\/h6>\n<\/td>\n<td width=\"74\">\n<h6>14,9<\/h6>\n<\/td>\n<td width=\"64\">\n<h6>12,8<\/h6>\n<\/td>\n<td width=\"63\">\n<h6><\/h6>\n<\/td>\n<\/tr>\n<tr>\n<td width=\"205\">\n<h6>km pro Motorenstunde*<\/h6>\n<\/td>\n<td width=\"64\">\n<h6>4,5<\/h6>\n<\/td>\n<td width=\"64\">\n<h6>4,5<\/h6>\n<\/td>\n<td width=\"74\">\n<h6>4,7<\/h6>\n<\/td>\n<td width=\"64\">\n<h6>4<\/h6>\n<\/td>\n<td width=\"63\">\n<h6><\/h6>\n<\/td>\n<\/tr>\n<tr>\n<td width=\"205\">\n<h6>gefahrene Schleusen<\/h6>\n<\/td>\n<td width=\"64\">\n<h6>85<\/h6>\n<\/td>\n<td width=\"64\">\n<h6>170<\/h6>\n<\/td>\n<td width=\"74\">\n<h6>125<\/h6>\n<\/td>\n<td width=\"64\">\n<h6>104<\/h6>\n<\/td>\n<td width=\"63\">\n<h6><\/h6>\n<\/td>\n<\/tr>\n<tr>\n<td width=\"205\">\n<h6>Schleusen pro Fahrtag<\/h6>\n<\/td>\n<td width=\"64\">\n<h6>3,4<\/h6>\n<\/td>\n<td width=\"64\">\n<h6>4,8<\/h6>\n<\/td>\n<td width=\"74\">\n<h6>3,6<\/h6>\n<\/td>\n<td width=\"64\">\n<h6>3.8<\/h6>\n<\/td>\n<td width=\"63\">\n<h6><\/h6>\n<\/td>\n<\/tr>\n<tr>\n<td width=\"205\">\n<h6>Schleusen pro Motorenstunde*<\/h6>\n<\/td>\n<td width=\"64\">\n<h6>1<\/h6>\n<\/td>\n<td width=\"64\">\n<h6>1,4<\/h6>\n<\/td>\n<td width=\"74\">\n<h6>1,1<\/h6>\n<\/td>\n<td width=\"64\">\n<h6>1,2<\/h6>\n<\/td>\n<td width=\"63\">\n<h6><\/h6>\n<\/td>\n<\/tr>\n<\/tbody>\n<\/table>\n<h3><\/h3>\n<h3>* gem\u00e4ss Motor-Stundenz\u00e4hler &#8211; z\u00e4hlt immer, wenn der Motor dreht, also auch beim Warten, in Schleusen, etc<\/h3>\n<p>&nbsp;<\/p>\n<p><strong>Reisebudget<\/strong><\/p>\n<p><a href=\"\/wp-content\/uploads\/2015\/10\/Scannen0001.jpg\"><img loading=\"lazy\" decoding=\"async\" class=\"alignnone size-large wp-image-5636\" src=\"\/wp-content\/uploads\/2015\/10\/Scannen0001-738x1024.jpg\" alt=\"Scannen0001\" width=\"584\" height=\"810\" srcset=\"https:\/\/www.le-roi-babar.ch\/wp-content\/uploads\/2015\/10\/Scannen0001-738x1024.jpg 738w, https:\/\/www.le-roi-babar.ch\/wp-content\/uploads\/2015\/10\/Scannen0001-216x300.jpg 216w, https:\/\/www.le-roi-babar.ch\/wp-content\/uploads\/2015\/10\/Scannen0001-768x1066.jpg 768w, https:\/\/www.le-roi-babar.ch\/wp-content\/uploads\/2015\/10\/Scannen0001.jpg 784w\" sizes=\"auto, (max-width: 584px) 100vw, 584px\" \/><\/a><\/p>\n<p><em>\u00a0<\/em><\/p>\n","protected":false},"excerpt":{"rendered":"<p>Vorbemerkung: Die Jahre 2020-21 haben auch statistisch f\u00fcr Le Roi BABAR nicht stattgefunden&#8230;&#8230; Daten Uebernahme\u00a0\u00a0\u00a0\u00a0 3. Mai 2011 \u00a0\u00a0\u00a0\u00a0\u00a0\u00a0\u00a0\u00a0\u00a0\u00a0\u00a0\u00a0\u00a0\u00a0\u00a0\u00a0\u00a0\u00a0\u00a0\u00a0\u00a0\u00a0\u00a0\u00a0 Auswintern\u00a0\u00a0\u00a0\u00a0\u00a0\u00a0\u00a0\u00a0\u00a0 Einwintern 2011\u00a0\u00a0\u00a0\u00a0\u00a0\u00a0\u00a0\u00a0\u00a0\u00a0\u00a0\u00a0\u00a0\u00a0\u00a0\u00a0 &#8211;\u00a0\u00a0\u00a0\u00a0\u00a0\u00a0\u00a0\u00a0\u00a0\u00a0\u00a0\u00a0\u00a0\u00a0\u00a0\u00a0\u00a0\u00a0\u00a0\u00a0\u00a0\u00a0\u00a0\u00a0\u00a0\u00a0 15. November 2012\u00a0\u00a0\u00a0\u00a0\u00a0\u00a0\u00a0\u00a0\u00a0\u00a0\u00a0\u00a0\u00a0\u00a0\u00a0\u00a0 25. M\u00e4rz\u00a0\u00a0\u00a0\u00a0\u00a0\u00a0\u00a0\u00a0\u00a0\u00a0\u00a0\u00a0\u00a0\u00a0\u00a0 6. November 2013\u00a0\u00a0\u00a0\u00a0\u00a0\u00a0\u00a0\u00a0\u00a0\u00a0\u00a0\u00a0\u00a0\u00a0\u00a0\u00a0 25. M\u00e4rz\u00a0\u00a0\u00a0\u00a0\u00a0\u00a0\u00a0\u00a0\u00a0\u00a0\u00a0\u00a0\u00a0\u00a0\u00a0 1. November 2014\u00a0\u00a0\u00a0\u00a0\u00a0\u00a0\u00a0\u00a0\u00a0\u00a0\u00a0\u00a0\u00a0\u00a0\u00a0\u00a0 24. M\u00e4rz\u00a0\u00a0\u00a0\u00a0\u00a0\u00a0\u00a0\u00a0\u00a0\u00a0\u00a0\u00a0\u00a0\u00a020. November 2015\u00a0\u00a0\u00a0\u00a0\u00a0\u00a0\u00a0\u00a0\u00a0\u00a0\u00a0\u00a0\u00a0\u00a0\u00a0\u00a0 &hellip; <a href=\"https:\/\/www.le-roi-babar.ch\/?page_id=4702\">Weiterlesen <span class=\"meta-nav\">&rarr;<\/span><\/a><\/p>\n","protected":false},"author":1,"featured_media":7010,"parent":0,"menu_order":0,"comment_status":"closed","ping_status":"closed","template":"showcase.php","meta":{"footnotes":""},"class_list":["post-4702","page","type-page","status-publish","has-post-thumbnail","hentry"],"_links":{"self":[{"href":"https:\/\/www.le-roi-babar.ch\/index.php?rest_route=\/wp\/v2\/pages\/4702","targetHints":{"allow":["GET"]}}],"collection":[{"href":"https:\/\/www.le-roi-babar.ch\/index.php?rest_route=\/wp\/v2\/pages"}],"about":[{"href":"https:\/\/www.le-roi-babar.ch\/index.php?rest_route=\/wp\/v2\/types\/page"}],"author":[{"embeddable":true,"href":"https:\/\/www.le-roi-babar.ch\/index.php?rest_route=\/wp\/v2\/users\/1"}],"replies":[{"embeddable":true,"href":"https:\/\/www.le-roi-babar.ch\/index.php?rest_route=%2Fwp%2Fv2%2Fcomments&post=4702"}],"version-history":[{"count":107,"href":"https:\/\/www.le-roi-babar.ch\/index.php?rest_route=\/wp\/v2\/pages\/4702\/revisions"}],"predecessor-version":[{"id":9930,"href":"https:\/\/www.le-roi-babar.ch\/index.php?rest_route=\/wp\/v2\/pages\/4702\/revisions\/9930"}],"wp:featuredmedia":[{"embeddable":true,"href":"https:\/\/www.le-roi-babar.ch\/index.php?rest_route=\/wp\/v2\/media\/7010"}],"wp:attachment":[{"href":"https:\/\/www.le-roi-babar.ch\/index.php?rest_route=%2Fwp%2Fv2%2Fmedia&parent=4702"}],"curies":[{"name":"wp","href":"https:\/\/api.w.org\/{rel}","templated":true}]}}