{"id":536,"date":"2013-08-20T11:08:58","date_gmt":"2013-08-20T11:08:58","guid":{"rendered":"http:\/\/babar.chili.ch\/wordpress\/?page_id=536"},"modified":"2023-11-09T16:48:49","modified_gmt":"2023-11-09T15:48:49","slug":"akutelles","status":"publish","type":"page","link":"https:\/\/www.le-roi-babar.ch\/?page_id=536","title":{"rendered":"k\u00fcrzlich und jetztgrad"},"content":{"rendered":"<p><strong> k\u00fcrzlich&#8230;<\/strong><\/p>\n<p>(d.h. seit dem 15. Oktober 2019 und seither dauerhaft anhaltend) stand Le Roi BABAR ausger\u00e4umt und eingewintert am Trockenen, zuletzt bei der Kuhnle-Werft in Rechlin zum Verkauf &#8211; und wartete auf eine hoffentlich wieder einmal stattfindende Saison bei neuen Eigent\u00fcmern&#8230;..<\/p>\n<p>Im September 2022 war das dann soweit: Le Roi BABAR ging wieder auf die Reise, mit neuem Eigent\u00fcmer, mit altem Namen und immer noch unter Schweizer Flagge!<\/p>\n<p><em>Mehr zur Fortsetzung der Geschichte dann irgendeinmal sp\u00e4ter unter<\/em><\/p>\n<p><a href=\"http:\/\/www.leroibabar.ch\">www.leroibabar.ch\u00a0<\/a><\/p>\n<p>&nbsp;<\/p>\n<p><a href=\"https:\/\/www.le-roi-babar.ch\/wp-content\/uploads\/2013\/08\/corona.06-20.007.jpg\"><img loading=\"lazy\" decoding=\"async\" class=\"alignnone wp-image-9055 size-large\" src=\"https:\/\/www.le-roi-babar.ch\/wp-content\/uploads\/2013\/08\/corona.06-20.007-1024x768.jpg\" alt=\"\" width=\"584\" height=\"438\" srcset=\"https:\/\/www.le-roi-babar.ch\/wp-content\/uploads\/2013\/08\/corona.06-20.007-1024x768.jpg 1024w, https:\/\/www.le-roi-babar.ch\/wp-content\/uploads\/2013\/08\/corona.06-20.007-300x225.jpg 300w, https:\/\/www.le-roi-babar.ch\/wp-content\/uploads\/2013\/08\/corona.06-20.007-768x576.jpg 768w, https:\/\/www.le-roi-babar.ch\/wp-content\/uploads\/2013\/08\/corona.06-20.007-400x300.jpg 400w\" sizes=\"auto, (max-width: 584px) 100vw, 584px\" \/><\/a><\/p>\n<p>Derweil hat seine alte Besatzung die schiffahrtsfreie Coronazeit zu geniessen versucht (wir wussten ja gar nicht mehr, wie sch\u00f6n ein &#8211; entsprechend ausger\u00fcstetes &#8211; Jahr auch in den heimatlichen S\u00fcdalpen sein kann&#8230;) &#8211; und richtet Ihr Interesse nun auf andere Aktivit\u00e4ten (oder eher Geruhsamkeiten) aus&#8230;.<\/p>\n<p><a href=\"https:\/\/www.le-roi-babar.ch\/wp-content\/uploads\/2013\/08\/maloja.07-20.004.jpg\"><img loading=\"lazy\" decoding=\"async\" class=\"alignnone wp-image-9100 size-large\" src=\"https:\/\/www.le-roi-babar.ch\/wp-content\/uploads\/2013\/08\/maloja.07-20.004-1024x768.jpg\" alt=\"\" width=\"584\" height=\"438\" srcset=\"https:\/\/www.le-roi-babar.ch\/wp-content\/uploads\/2013\/08\/maloja.07-20.004-1024x768.jpg 1024w, https:\/\/www.le-roi-babar.ch\/wp-content\/uploads\/2013\/08\/maloja.07-20.004-300x225.jpg 300w, https:\/\/www.le-roi-babar.ch\/wp-content\/uploads\/2013\/08\/maloja.07-20.004-768x576.jpg 768w, https:\/\/www.le-roi-babar.ch\/wp-content\/uploads\/2013\/08\/maloja.07-20.004-400x300.jpg 400w\" sizes=\"auto, (max-width: 584px) 100vw, 584px\" \/><\/a><\/p>\n<p>&nbsp;<\/p>\n<p><strong><a href=\"https:\/\/www.le-roi-babar.ch\/wp-content\/uploads\/2023\/11\/maloja.10-23.00005-scaled.jpg\"><img loading=\"lazy\" decoding=\"async\" class=\"alignnone wp-image-10275 size-large\" src=\"https:\/\/www.le-roi-babar.ch\/wp-content\/uploads\/2023\/11\/maloja.10-23.00005-1024x768.jpg\" alt=\"\" width=\"584\" height=\"438\" \/><\/a><\/strong><\/p>\n<p>&nbsp;<\/p>\n<p>&#8230; und plant (<strong>jetztgrad<\/strong> und immer wieder) unter vielem anderem (unvermeidlich) n\u00e4chste Bootstrips &#8211; beispielsweise wieder im Midi (wo denn sonst!) und wieder gemeinsam mit einer Hundedame (wie denn sonst!).<\/p>\n<p><em>fr\u00fcher (und heute&#8230;.), Charterjahre<\/em> heisst das Kapitel dieser Webseite, wo das alles nachzulesen sein wird!<\/p>\n<p>&nbsp;<\/p>\n","protected":false},"excerpt":{"rendered":"<p>k\u00fcrzlich&#8230; (d.h. seit dem 15. Oktober 2019 und seither dauerhaft anhaltend) stand Le Roi BABAR ausger\u00e4umt und eingewintert am Trockenen, zuletzt bei der Kuhnle-Werft in Rechlin zum Verkauf &#8211; und wartete auf eine hoffentlich wieder einmal stattfindende Saison bei neuen &hellip; <a href=\"https:\/\/www.le-roi-babar.ch\/?page_id=536\">Weiterlesen <span class=\"meta-nav\">&rarr;<\/span><\/a><\/p>\n","protected":false},"author":1,"featured_media":6787,"parent":0,"menu_order":0,"comment_status":"closed","ping_status":"closed","template":"showcase.php","meta":{"footnotes":""},"class_list":["post-536","page","type-page","status-publish","has-post-thumbnail","hentry"],"_links":{"self":[{"href":"https:\/\/www.le-roi-babar.ch\/index.php?rest_route=\/wp\/v2\/pages\/536","targetHints":{"allow":["GET"]}}],"collection":[{"href":"https:\/\/www.le-roi-babar.ch\/index.php?rest_route=\/wp\/v2\/pages"}],"about":[{"href":"https:\/\/www.le-roi-babar.ch\/index.php?rest_route=\/wp\/v2\/types\/page"}],"author":[{"embeddable":true,"href":"https:\/\/www.le-roi-babar.ch\/index.php?rest_route=\/wp\/v2\/users\/1"}],"replies":[{"embeddable":true,"href":"https:\/\/www.le-roi-babar.ch\/index.php?rest_route=%2Fwp%2Fv2%2Fcomments&post=536"}],"version-history":[{"count":282,"href":"https:\/\/www.le-roi-babar.ch\/index.php?rest_route=\/wp\/v2\/pages\/536\/revisions"}],"predecessor-version":[{"id":10277,"href":"https:\/\/www.le-roi-babar.ch\/index.php?rest_route=\/wp\/v2\/pages\/536\/revisions\/10277"}],"wp:featuredmedia":[{"embeddable":true,"href":"https:\/\/www.le-roi-babar.ch\/index.php?rest_route=\/wp\/v2\/media\/6787"}],"wp:attachment":[{"href":"https:\/\/www.le-roi-babar.ch\/index.php?rest_route=%2Fwp%2Fv2%2Fmedia&parent=536"}],"curies":[{"name":"wp","href":"https:\/\/api.w.org\/{rel}","templated":true}]}}