{"id":55,"date":"2013-08-16T08:26:54","date_gmt":"2013-08-16T06:26:54","guid":{"rendered":"http:\/\/babar.chili.ch\/wordpress\/?page_id=55"},"modified":"2023-05-30T14:03:34","modified_gmt":"2023-05-30T12:03:34","slug":"vorganger-und-geschwister","status":"publish","type":"page","link":"https:\/\/www.le-roi-babar.ch\/?page_id=55","title":{"rendered":"Vorg\u00e4nger und Geschwister"},"content":{"rendered":"<p><strong><i>gitan <\/i><\/strong><i>(die Erste)<\/i><i> <\/i>hiess eine Vorg\u00e4ngerin von Le Roi BABAR.<\/p>\n<p><em>gitan<\/em> war eine Jeanneau Merry Fisher 520 und etwas kleiner (aber <strong>viel<\/strong> schneller!) als Le Roi BABAR.<\/p>\n<p>Sie fuhr 2005 &#8211; 2009 auf dem Vierwaldst\u00e4ttersee, anfangs ab Gersau, sp\u00e4ter ab Brunnen \/ Fallenbach.<br \/>\nIm Gegensatz zur grossen Nachfolgerin war sie auch im Winter sehr aktiv.<\/p>\n<p>Von ihr aus &#8222;lernte&#8220; die Patia schwimmen&#8230;.<\/p>\n<p><a href=\"\/wp-content\/uploads\/2013\/08\/image0011.jpg\"><img loading=\"lazy\" decoding=\"async\" src=\"\/wp-content\/uploads\/2013\/08\/image0011-300x225.jpg\" alt=\"OLYMPUS DIGITAL CAMERA\" width=\"300\" height=\"225\" \/> <\/a><a href=\"\/wp-content\/uploads\/2013\/08\/image0021.jpg\"><img loading=\"lazy\" decoding=\"async\" src=\"\/wp-content\/uploads\/2013\/08\/image0021-300x225.jpg\" alt=\"image002\" width=\"300\" height=\"225\" \/><\/a><\/p>\n<p><strong><em>gitan<\/em><\/strong><em> (die Zweite)<\/em> hiess auch die zweite Vorg\u00e4ngerin von Le Roi BABAR.<\/p>\n<p><em>gitan<\/em> war eine Jeanneau Merry Fisher 625 und immer noch kleiner (und erst recht <strong>viel<\/strong> schneller) als Le Roi BABAR.<\/p>\n<p>Sie fuhr 2009 &#8211; 2015 &#8211; nat\u00fcrlich auch ganzj\u00e4hrig &#8211; auf dem Vierwaldst\u00e4ttersee, ab Brunnen \/ Fallenbach.<\/p>\n<p><a href=\"\/wp-content\/uploads\/2013\/08\/image0041.jpg\"><img loading=\"lazy\" decoding=\"async\" src=\"\/wp-content\/uploads\/2013\/08\/image0041-300x199.jpg\" alt=\"image004\" width=\"300\" height=\"199\" \/><\/a> <a href=\"\/wp-content\/uploads\/2013\/08\/image0031.jpg\"><img loading=\"lazy\" decoding=\"async\" src=\"\/wp-content\/uploads\/2013\/08\/image0031-300x242.jpg\" alt=\"image003\" width=\"300\" height=\"242\" \/><\/a><\/p>\n<p><em><strong>ALLEGRA<\/strong><\/em> heisst die etwas kleinere und etwas \u00e4ltere Schwester von Le Roi BABAR &#8211; oder eben ihre direkte Vorg\u00e4ngerin.<\/p>\n<p>Sie sieht (fast) gleich aus und ist auch (fast) gleich gebaut und ausger\u00fcstet.<\/p>\n<p><a href=\"\/wp-content\/uploads\/2013\/08\/image0051.jpg\"><img loading=\"lazy\" decoding=\"async\" src=\"\/wp-content\/uploads\/2013\/08\/image0051-300x225.jpg\" alt=\"image005\" width=\"300\" height=\"225\" \/><\/a> <a href=\"\/wp-content\/uploads\/2013\/08\/image0061.jpg\"><img loading=\"lazy\" decoding=\"async\" class=\"alignnone size-medium wp-image-420\" src=\"\/wp-content\/uploads\/2013\/08\/image0061-300x225.jpg\" alt=\"image006\" width=\"300\" height=\"225\" srcset=\"https:\/\/www.le-roi-babar.ch\/wp-content\/uploads\/2013\/08\/image0061-300x225.jpg 300w, https:\/\/www.le-roi-babar.ch\/wp-content\/uploads\/2013\/08\/image0061-1024x768.jpg 1024w, https:\/\/www.le-roi-babar.ch\/wp-content\/uploads\/2013\/08\/image0061-400x300.jpg 400w\" sizes=\"auto, (max-width: 300px) 100vw, 300px\" \/><\/a> <a href=\"\/wp-content\/uploads\/2013\/08\/image0071.jpg\"><img loading=\"lazy\" decoding=\"async\" class=\"alignnone size-medium wp-image-421\" src=\"\/wp-content\/uploads\/2013\/08\/image0071-300x225.jpg\" alt=\"image007\" width=\"300\" height=\"225\" srcset=\"https:\/\/www.le-roi-babar.ch\/wp-content\/uploads\/2013\/08\/image0071-300x225.jpg 300w, https:\/\/www.le-roi-babar.ch\/wp-content\/uploads\/2013\/08\/image0071-1024x768.jpg 1024w, https:\/\/www.le-roi-babar.ch\/wp-content\/uploads\/2013\/08\/image0071-400x300.jpg 400w\" sizes=\"auto, (max-width: 300px) 100vw, 300px\" \/><\/a> <a href=\"\/wp-content\/uploads\/2013\/08\/image0081.jpg\"><img loading=\"lazy\" decoding=\"async\" class=\"alignnone size-medium wp-image-422\" src=\"\/wp-content\/uploads\/2013\/08\/image0081-300x225.jpg\" alt=\"image008\" width=\"300\" height=\"225\" srcset=\"https:\/\/www.le-roi-babar.ch\/wp-content\/uploads\/2013\/08\/image0081-300x225.jpg 300w, https:\/\/www.le-roi-babar.ch\/wp-content\/uploads\/2013\/08\/image0081-1024x768.jpg 1024w, https:\/\/www.le-roi-babar.ch\/wp-content\/uploads\/2013\/08\/image0081-400x300.jpg 400w\" sizes=\"auto, (max-width: 300px) 100vw, 300px\" \/><\/a><\/p>\n<p>Sie wurde 2011 in Niderviller ihrem heutigen Eigner \u00fcbergeben und f\u00e4hrt seither Stunden, Distanzen und Reviere, von denen sie fr\u00fcher nur tr\u00e4umen konnte (und von denen wir Zur\u00fcckgebliebenen heute immer mal wieder tr\u00e4umen)&#8230;<\/p>\n<p>&nbsp;<\/p>\n","protected":false},"excerpt":{"rendered":"<p>gitan (die Erste) hiess eine Vorg\u00e4ngerin von Le Roi BABAR. gitan war eine Jeanneau Merry Fisher 520 und etwas kleiner (aber viel schneller!) als Le Roi BABAR. Sie fuhr 2005 &#8211; 2009 auf dem Vierwaldst\u00e4ttersee, anfangs ab Gersau, sp\u00e4ter ab &hellip; <a href=\"https:\/\/www.le-roi-babar.ch\/?page_id=55\">Weiterlesen <span class=\"meta-nav\">&rarr;<\/span><\/a><\/p>\n","protected":false},"author":1,"featured_media":3787,"parent":624,"menu_order":1,"comment_status":"open","ping_status":"closed","template":"showcase.php","meta":{"footnotes":""},"class_list":["post-55","page","type-page","status-publish","has-post-thumbnail","hentry"],"_links":{"self":[{"href":"https:\/\/www.le-roi-babar.ch\/index.php?rest_route=\/wp\/v2\/pages\/55","targetHints":{"allow":["GET"]}}],"collection":[{"href":"https:\/\/www.le-roi-babar.ch\/index.php?rest_route=\/wp\/v2\/pages"}],"about":[{"href":"https:\/\/www.le-roi-babar.ch\/index.php?rest_route=\/wp\/v2\/types\/page"}],"author":[{"embeddable":true,"href":"https:\/\/www.le-roi-babar.ch\/index.php?rest_route=\/wp\/v2\/users\/1"}],"replies":[{"embeddable":true,"href":"https:\/\/www.le-roi-babar.ch\/index.php?rest_route=%2Fwp%2Fv2%2Fcomments&post=55"}],"version-history":[{"count":37,"href":"https:\/\/www.le-roi-babar.ch\/index.php?rest_route=\/wp\/v2\/pages\/55\/revisions"}],"predecessor-version":[{"id":9820,"href":"https:\/\/www.le-roi-babar.ch\/index.php?rest_route=\/wp\/v2\/pages\/55\/revisions\/9820"}],"up":[{"embeddable":true,"href":"https:\/\/www.le-roi-babar.ch\/index.php?rest_route=\/wp\/v2\/pages\/624"}],"wp:featuredmedia":[{"embeddable":true,"href":"https:\/\/www.le-roi-babar.ch\/index.php?rest_route=\/wp\/v2\/media\/3787"}],"wp:attachment":[{"href":"https:\/\/www.le-roi-babar.ch\/index.php?rest_route=%2Fwp%2Fv2%2Fmedia&parent=55"}],"curies":[{"name":"wp","href":"https:\/\/api.w.org\/{rel}","templated":true}]}}