{"id":58,"date":"2013-08-16T08:27:10","date_gmt":"2013-08-16T08:27:10","guid":{"rendered":"http:\/\/babar.chili.ch\/wordpress\/?page_id=58"},"modified":"2022-11-08T19:35:16","modified_gmt":"2022-11-08T18:35:16","slug":"crew-gaste-begegnungen-vereinigungen","status":"publish","type":"page","link":"https:\/\/www.le-roi-babar.ch\/?page_id=58","title":{"rendered":"Besatzung"},"content":{"rendered":"<p>Le Roi BABAR liess sich nat\u00fcrlich von einer einzigen Person problemlos auf den (in der Regel ruhigen) Binnengew\u00e4ssern fahren und man\u00f6vrieren (ein Schiff funktioniert ohnehin nur zuverl\u00e4ssig, solange die Zahl seiner Kapit\u00e4ne ungerade ist\u00a0 und kleiner als drei).<\/p>\n<p>Das kam aber eher selten vor&#8230;<\/p>\n<p>Le Roi BABAR wurde immer etwa von der gleichen Besatzung gefahren &#8211; und hie und da fuhren auch treue G\u00e4ste mit (&#8222;<em>Fahrer und Mitfahrer&#8220;<\/em>). Die erfreuten sich nat\u00fcrlich auch an kulinarischen Gen\u00fcssen: von den Geheimnissen der Bordk\u00fcche berichtet das Kapitel<em> &#8222;Essen und Trinken an Bord&#8220;, <\/em>und \u00fcber entsprechend gezielte\u00a0Abstecher entlang der Kan\u00e4le das Kapitel <em>&#8222;Gastronomie au bord de l&#8217;eau&#8220;.<\/em><\/p>\n<p>&nbsp;<\/p>\n","protected":false},"excerpt":{"rendered":"<p>Le Roi BABAR liess sich nat\u00fcrlich von einer einzigen Person problemlos auf den (in der Regel ruhigen) Binnengew\u00e4ssern fahren und man\u00f6vrieren (ein Schiff funktioniert ohnehin nur zuverl\u00e4ssig, solange die Zahl seiner Kapit\u00e4ne ungerade ist\u00a0 und kleiner als drei). Das kam &hellip; <a href=\"https:\/\/www.le-roi-babar.ch\/?page_id=58\">Weiterlesen <span class=\"meta-nav\">&rarr;<\/span><\/a><\/p>\n","protected":false},"author":1,"featured_media":5056,"parent":0,"menu_order":5,"comment_status":"open","ping_status":"closed","template":"showcase.php","meta":{"footnotes":""},"class_list":["post-58","page","type-page","status-publish","has-post-thumbnail","hentry"],"_links":{"self":[{"href":"https:\/\/www.le-roi-babar.ch\/index.php?rest_route=\/wp\/v2\/pages\/58","targetHints":{"allow":["GET"]}}],"collection":[{"href":"https:\/\/www.le-roi-babar.ch\/index.php?rest_route=\/wp\/v2\/pages"}],"about":[{"href":"https:\/\/www.le-roi-babar.ch\/index.php?rest_route=\/wp\/v2\/types\/page"}],"author":[{"embeddable":true,"href":"https:\/\/www.le-roi-babar.ch\/index.php?rest_route=\/wp\/v2\/users\/1"}],"replies":[{"embeddable":true,"href":"https:\/\/www.le-roi-babar.ch\/index.php?rest_route=%2Fwp%2Fv2%2Fcomments&post=58"}],"version-history":[{"count":21,"href":"https:\/\/www.le-roi-babar.ch\/index.php?rest_route=\/wp\/v2\/pages\/58\/revisions"}],"predecessor-version":[{"id":9829,"href":"https:\/\/www.le-roi-babar.ch\/index.php?rest_route=\/wp\/v2\/pages\/58\/revisions\/9829"}],"wp:featuredmedia":[{"embeddable":true,"href":"https:\/\/www.le-roi-babar.ch\/index.php?rest_route=\/wp\/v2\/media\/5056"}],"wp:attachment":[{"href":"https:\/\/www.le-roi-babar.ch\/index.php?rest_route=%2Fwp%2Fv2%2Fmedia&parent=58"}],"curies":[{"name":"wp","href":"https:\/\/api.w.org\/{rel}","templated":true}]}}