{"id":624,"date":"2013-08-29T16:25:19","date_gmt":"2013-08-29T14:25:19","guid":{"rendered":"http:\/\/babar.chili.ch\/wordpress\/?page_id=624"},"modified":"2023-05-30T13:53:03","modified_gmt":"2023-05-30T11:53:03","slug":"wie-es-begann-2","status":"publish","type":"page","link":"https:\/\/www.le-roi-babar.ch\/?page_id=624","title":{"rendered":"fr\u00fcher (und heute&#8230;)"},"content":{"rendered":"<p>Selbstverst\u00e4ndlich gab es schon Binnenschiffahrt <strong>vor <\/strong>Le Roi BABAR &#8211; sp\u00e4ter auch solche <strong>neben <\/strong>und heute solche<strong> nach <\/strong>Le Roi BABAR:<\/p>\n<p>Unter &#8222;<em>Vorg\u00e4nger und Geschwister<\/em>&#8220; werden drei Boote vorgestellt, die in besonderer Beziehung zu Le Roi BABAR stehen.<\/p>\n<p>In den Kapiteln &#8222;<em>Charterjahre<\/em>&#8220; sind Reminiszenzen aus fr\u00fcheren und auch aktuellen\u00a0Fluss- und Kanalfahrten zu finden.<\/p>\n<p>&nbsp;<\/p>\n","protected":false},"excerpt":{"rendered":"<p>Selbstverst\u00e4ndlich gab es schon Binnenschiffahrt vor Le Roi BABAR &#8211; sp\u00e4ter auch solche neben und heute solche nach Le Roi BABAR: Unter &#8222;Vorg\u00e4nger und Geschwister&#8220; werden drei Boote vorgestellt, die in besonderer Beziehung zu Le Roi BABAR stehen. In den &hellip; <a href=\"https:\/\/www.le-roi-babar.ch\/?page_id=624\">Weiterlesen <span class=\"meta-nav\">&rarr;<\/span><\/a><\/p>\n","protected":false},"author":1,"featured_media":1302,"parent":0,"menu_order":0,"comment_status":"closed","ping_status":"closed","template":"showcase.php","meta":{"footnotes":""},"class_list":["post-624","page","type-page","status-publish","has-post-thumbnail","hentry"],"_links":{"self":[{"href":"https:\/\/www.le-roi-babar.ch\/index.php?rest_route=\/wp\/v2\/pages\/624","targetHints":{"allow":["GET"]}}],"collection":[{"href":"https:\/\/www.le-roi-babar.ch\/index.php?rest_route=\/wp\/v2\/pages"}],"about":[{"href":"https:\/\/www.le-roi-babar.ch\/index.php?rest_route=\/wp\/v2\/types\/page"}],"author":[{"embeddable":true,"href":"https:\/\/www.le-roi-babar.ch\/index.php?rest_route=\/wp\/v2\/users\/1"}],"replies":[{"embeddable":true,"href":"https:\/\/www.le-roi-babar.ch\/index.php?rest_route=%2Fwp%2Fv2%2Fcomments&post=624"}],"version-history":[{"count":20,"href":"https:\/\/www.le-roi-babar.ch\/index.php?rest_route=\/wp\/v2\/pages\/624\/revisions"}],"predecessor-version":[{"id":10150,"href":"https:\/\/www.le-roi-babar.ch\/index.php?rest_route=\/wp\/v2\/pages\/624\/revisions\/10150"}],"wp:featuredmedia":[{"embeddable":true,"href":"https:\/\/www.le-roi-babar.ch\/index.php?rest_route=\/wp\/v2\/media\/1302"}],"wp:attachment":[{"href":"https:\/\/www.le-roi-babar.ch\/index.php?rest_route=%2Fwp%2Fv2%2Fmedia&parent=624"}],"curies":[{"name":"wp","href":"https:\/\/api.w.org\/{rel}","templated":true}]}}