{"id":67,"date":"2013-08-16T08:29:14","date_gmt":"2013-08-16T08:29:14","guid":{"rendered":"http:\/\/babar.chili.ch\/wordpress\/?page_id=67"},"modified":"2022-11-18T14:05:30","modified_gmt":"2022-11-18T13:05:30","slug":"fahrten-reviere-hafen","status":"publish","type":"page","link":"https:\/\/www.le-roi-babar.ch\/?page_id=67","title":{"rendered":"Fahrjahre"},"content":{"rendered":"<p>Begonnen hat Le Roi BABAR seine Karriere 2011 in seiner Heimat:\u00a0in seiner ersten Saison kam er vorwiegend auf der Mecklenburger Seenplatte zum Einsatz (&#8222;<em>2011&#8243;<\/em>).<\/p>\n<p>Nach dem Transfer ins franz\u00f6sische Lothringen ging&#8217;s 2012 weiter mit dem Canal de la Marne au Rhin (in einem Revier zwischen Strassburg und Nancy) und dem Saarkanal (&#8222;<em>2012&#8243;<\/em><em>)<\/em>.<\/p>\n<p>Im dritten Lebensjahr kamen 2013 der Canal des Vosges und die Haute Sa\u00f4ne zum Zug (<em>&#8222;2013&#8220;<\/em>).<\/p>\n<p>Das vierte Jahr begann mit einer Tour auf der franz\u00f6sischen Moselle, dann folgte ein Ausreisser &#8211;\u00a0mit einem anderen Schiff &#8211;\u00a0quer durch und um Berlin (<em>&#8222;2014&#8220;, &#8222;Charterjahre&#8220;<\/em>).<\/p>\n<p>Das f\u00fcnfte BABAR-Jahr brachte drei Ausfl\u00fcge auf den Saarkanal und einen auf die Mosel <em>(&#8222;2015&#8220;).<\/em><\/p>\n<p>Das sechste Jahr war &#8211; aus vielen verschiedenen Gr\u00fcnden &#8211; ein sehr bescheidenes Fahrtenjahr mit bloss drei kleinen T\u00f6rns in bekannte Fahrregionen\u00a0 <em>(&#8222;2016&#8220;)<\/em>.<\/p>\n<p>Das siebte Jahr begann mit einer Reise nach Strassburg und ins Elsass, dann folgte die bereits traditionelle Sommerfahrt ins Tal der jungen Saar, und schliesslich brachte\u00a0der Herbst Fahrten in die Umgebung mit alten und neuen Bekannten <em>(&#8222;2017&#8220;).<\/em><\/p>\n<p>F\u00fcr&#8217;s achte BABAR-Jahr hatten wir uns eigentlich viel vorgenommen &#8211; aber (distanzm\u00e4ssig) nur sehr wenig erreicht. Dies aus Gr\u00fcnden der extrem heissen Wettersituation einerseits, diverser anhaltender und nachhaltiger Gebresten bei allen Beteiligten anderseits. So geht denn wohl dieses achte Fahrtenjahr als ausserordentlich geruhsames und gem\u00fctliches in die Geschichte ein &#8211; zur Wiederholung durchaus geeignet&#8230;<em> (&#8222;2018&#8220;).<\/em><\/p>\n<p>Das neunte BABAR-Jahr setzte den Trend der vergangenen Jahre nahtlos fort &#8211; das Schiff mutiert vom Fahrzeug, mit dem entfernte Ziele erreicht werden k\u00f6nnen zu einer Ferienwohnung, die man nach Lust und Laune an einen naturnahen, geruhsamen Ort hinstellen und dort jeweilen ein paar Tage verweilen kann. <em>(&#8222;2019&#8220;)<\/em><\/p>\n<p>Im zehnten BABAR-Jahr erwischte uns ein K\u00e4fer auf dem linken Fuss: das Geschehen rund um den Corona-Virus, das Alter der Besatzung (inklusive Bordhund&#8230;), deren Abneigung, covid-Stationen im Ausland kennenzulernen und auch ihre Abneigung, nach R\u00fcckkehr aus dem Ausland in der Schweiz in Quarant\u00e4ne zu verschwinden &#8211; all das f\u00fchrte immer wieder zur Verschiebung eines Termins zum Auswintern &#8211; BABAR blieb im Winterlager und am Trockenen &#8211; und die Besatzung in der Schweiz&#8230; <em>(&#8222;2020&#8220;)<\/em><\/p>\n<p>Und weil f\u00fcr das elfte BABAR-Jahr <em>(2021) &#8222;copy &#8211; paste&#8220; <\/em>zum vorhergegangenen gilt, haben wir uns schweren Herzens entschlossen, der Geschichte hier ein Ende zu setzen&#8230;.<\/p>\n<p>Von\u00a0Begegnungen mit Zeugen aus fr\u00fcherer Zeit entlang des Saarkanals\u00a0berichtet schliesslich das Kapitel\u00a0&#8222;<em>La Ligne Maginot aquatique&#8220;<\/em>.<\/p>\n<p>&nbsp;<\/p>\n<p><a href=\"\/wp-content\/uploads\/2013\/11\/bon_voyage_vintage-2.jpg\"><img loading=\"lazy\" decoding=\"async\" class=\"alignnone size-full wp-image-4034\" src=\"\/wp-content\/uploads\/2013\/11\/bon_voyage_vintage-2.jpg\" alt=\"bon_voyage_vintage (2)\" width=\"375\" height=\"579\" srcset=\"https:\/\/www.le-roi-babar.ch\/wp-content\/uploads\/2013\/11\/bon_voyage_vintage-2.jpg 375w, https:\/\/www.le-roi-babar.ch\/wp-content\/uploads\/2013\/11\/bon_voyage_vintage-2-194x300.jpg 194w\" sizes=\"auto, (max-width: 375px) 100vw, 375px\" \/><\/a><\/p>\n","protected":false},"excerpt":{"rendered":"<p>Begonnen hat Le Roi BABAR seine Karriere 2011 in seiner Heimat:\u00a0in seiner ersten Saison kam er vorwiegend auf der Mecklenburger Seenplatte zum Einsatz (&#8222;2011&#8243;). Nach dem Transfer ins franz\u00f6sische Lothringen ging&#8217;s 2012 weiter mit dem Canal de la Marne au &hellip; <a href=\"https:\/\/www.le-roi-babar.ch\/?page_id=67\">Weiterlesen <span class=\"meta-nav\">&rarr;<\/span><\/a><\/p>\n","protected":false},"author":1,"featured_media":787,"parent":0,"menu_order":6,"comment_status":"open","ping_status":"closed","template":"showcase.php","meta":{"footnotes":""},"class_list":["post-67","page","type-page","status-publish","has-post-thumbnail","hentry"],"_links":{"self":[{"href":"https:\/\/www.le-roi-babar.ch\/index.php?rest_route=\/wp\/v2\/pages\/67","targetHints":{"allow":["GET"]}}],"collection":[{"href":"https:\/\/www.le-roi-babar.ch\/index.php?rest_route=\/wp\/v2\/pages"}],"about":[{"href":"https:\/\/www.le-roi-babar.ch\/index.php?rest_route=\/wp\/v2\/types\/page"}],"author":[{"embeddable":true,"href":"https:\/\/www.le-roi-babar.ch\/index.php?rest_route=\/wp\/v2\/users\/1"}],"replies":[{"embeddable":true,"href":"https:\/\/www.le-roi-babar.ch\/index.php?rest_route=%2Fwp%2Fv2%2Fcomments&post=67"}],"version-history":[{"count":52,"href":"https:\/\/www.le-roi-babar.ch\/index.php?rest_route=\/wp\/v2\/pages\/67\/revisions"}],"predecessor-version":[{"id":9927,"href":"https:\/\/www.le-roi-babar.ch\/index.php?rest_route=\/wp\/v2\/pages\/67\/revisions\/9927"}],"wp:featuredmedia":[{"embeddable":true,"href":"https:\/\/www.le-roi-babar.ch\/index.php?rest_route=\/wp\/v2\/media\/787"}],"wp:attachment":[{"href":"https:\/\/www.le-roi-babar.ch\/index.php?rest_route=%2Fwp%2Fv2%2Fmedia&parent=67"}],"curies":[{"name":"wp","href":"https:\/\/api.w.org\/{rel}","templated":true}]}}