{"id":78,"date":"2013-08-16T08:31:01","date_gmt":"2013-08-16T08:31:01","guid":{"rendered":"http:\/\/babar.chili.ch\/wordpress\/?page_id=78"},"modified":"2025-08-15T09:22:48","modified_gmt":"2025-08-15T07:22:48","slug":"links","status":"publish","type":"page","link":"https:\/\/www.le-roi-babar.ch\/?page_id=78","title":{"rendered":"Links"},"content":{"rendered":"<p>Die unten aufgef\u00fchrten links geben einen kleinen Querschnitt durch die Welt &#8222;unserer&#8220; Binnenschiffahrt. Nat\u00fcrlich ist ihre Auswahl damit von den Gewohnheiten und Bed\u00fcrfnissen der Besatzung von Le Roi BABAR gepr\u00e4gt und nicht repr\u00e4sentativ.<\/p>\r\n<p>(Trotz sorgf\u00e4ltiger inhaltlicher Kontrolle \u00fcbernehmen wir keine Haftung f\u00fcr die Inhalte der folgenden links. F\u00fcr den Inhalt der verlinkten Seiten sind ausschlie\u00dflich deren Betreiber verantwortlich.)<\/p>\r\n<p><strong>Le Roi BABAR &#8211; <em>die Fortsetzung der Geschichte&#8230;..<\/em><\/strong><\/p>\r\n<p><a href=\"http:\/\/www.leroibabar.ch\">www.leroibabar.ch<\/a><\/p>\r\n<p><strong>Schleusenschifferklub<br \/><\/strong><a href=\"http:\/\/www.ssk-cse.ch\/\">http:\/\/www.ssk-cse.ch<\/a><\/p>\r\n<p><strong>Schleusenverein<br \/><\/strong><a href=\"http:\/\/www.schleusenverein.ch\">http:\/\/www.schleusenverein.ch\/<\/a><\/p>\r\n<p><strong>Dampferfreunde Vierwaldst\u00e4ttersee<\/strong><\/p>\r\n<p><a href=\"https:\/\/dampfschiff.ch\/\">Dampferfreunde Vierwaldst\u00e4ttersee \u2013 \u2013 eine einzigartige Grossfamilie<\/a><\/p>\r\n<p><strong>MT Marinetechnik B\u00e4ch<br \/><\/strong><a href=\"http:\/\/www.bootsmotoren.ch\/\">http:\/\/www.bootsmotoren.ch\/<\/a><\/p>\r\n<p><strong>Schiffspropeller<br \/><\/strong><a href=\"http:\/\/www.infanger-propeller.ch\/\">http:\/\/www.infanger-propeller.ch\/<\/a><\/p>\r\n<p><strong>Kuhnle Werft Rechlin<br \/><\/strong><a href=\"https:\/\/www.kuhnle-werft.de\">https:\/\/www.kuhnle-werft.de<\/a><\/p>\r\n<p><strong>H2O St Jean-de-Losne<br \/><\/strong><a href=\"http:\/\/www.h2o-boot.de\/hafen.html\">http:\/\/www.h2o-boot.de\/hafen.html<\/a><\/p>\r\n<p><strong>Corre Marina<br \/><\/strong><a href=\"http:\/\/www.fluvialoisirs.com\/\">http:\/\/www.fluvialoisirs.com\/<\/a><\/p>\r\n<p><strong>Verwaltung Binnenwasserstrassen Frankreich<br \/><\/strong>Voies Navigables de France<strong> (<\/strong>VNF)<br \/><a href=\"http:\/\/www.vnf.fr\/\">http:\/\/www.vnf.fr\/<\/a><\/p>\r\n<p><strong>Wasserst\u00e4nde Frankreich<br \/><\/strong>Vigicrues France<br \/><a href=\"http:\/\/www.vigicrues.gouv.fr\/\">http:\/\/www.vigicrues.gouv.fr\/<\/a><\/p>\r\n<p><strong>Seenotretter<\/strong><br \/>Deutsche Gesellschaft zur Rettung Schiffbr\u00fcchiger<br \/><a href=\"http:\/\/www.seenotretter.de\/\">http:\/\/www.seenotretter.de\/<\/a><\/p>\r\n<p><strong>elektronische Kanalkarten \/ Planer<br \/><\/strong>PCNavigo<br \/><a href=\"http:\/\/www.pcnavigo.com\/?lang=de\"> http:\/\/www.pcnavigo.com\/?lang=de<\/a><\/p>\r\n<p>NV.Navigator<br \/><a href=\"http:\/\/www.nv-verlag.de\/index.php\/de\/\">http:\/\/www.nv-verlag.de\/index.php\/de\/<\/a><\/p>\r\n<p><strong>Schiffs-Versicherungen<br \/><\/strong>Murette<br \/><a href=\"http:\/\/www.murette.com\/de\/yachtversicherungen\/home-d1\/?oid=1314&amp;\">http:\/\/www.murette.com\/de\/yachtversicherungen\/home-d1\/?oid=1314&amp;<\/a><\/p>\r\n<p><strong>Hausboot-Charter<br \/><\/strong>Aquatravel<br \/><a href=\"http:\/\/www.aquatravel.ch\">http:\/\/www.aquatravel.ch<\/a><\/p>\r\n<p><strong>Webhoster<br \/><\/strong><a href=\"https:\/\/servertown.ch\/\">https:\/\/servertown.ch\/<\/a><strong><br \/><\/strong><\/p>\r\n<p>&nbsp;<\/p>\r\n\r\n<p>&nbsp;<\/p>\r\n","protected":false},"excerpt":{"rendered":"<p>Die unten aufgef\u00fchrten links geben einen kleinen Querschnitt durch die Welt &#8222;unserer&#8220; Binnenschiffahrt. Nat\u00fcrlich ist ihre Auswahl damit von den Gewohnheiten und Bed\u00fcrfnissen der Besatzung von Le Roi BABAR gepr\u00e4gt und nicht repr\u00e4sentativ. (Trotz sorgf\u00e4ltiger inhaltlicher Kontrolle \u00fcbernehmen wir keine &hellip; <a href=\"https:\/\/www.le-roi-babar.ch\/?page_id=78\">Weiterlesen <span class=\"meta-nav\">&rarr;<\/span><\/a><\/p>\n","protected":false},"author":1,"featured_media":785,"parent":0,"menu_order":7,"comment_status":"open","ping_status":"closed","template":"showcase.php","meta":{"footnotes":""},"class_list":["post-78","page","type-page","status-publish","has-post-thumbnail","hentry"],"_links":{"self":[{"href":"https:\/\/www.le-roi-babar.ch\/index.php?rest_route=\/wp\/v2\/pages\/78","targetHints":{"allow":["GET"]}}],"collection":[{"href":"https:\/\/www.le-roi-babar.ch\/index.php?rest_route=\/wp\/v2\/pages"}],"about":[{"href":"https:\/\/www.le-roi-babar.ch\/index.php?rest_route=\/wp\/v2\/types\/page"}],"author":[{"embeddable":true,"href":"https:\/\/www.le-roi-babar.ch\/index.php?rest_route=\/wp\/v2\/users\/1"}],"replies":[{"embeddable":true,"href":"https:\/\/www.le-roi-babar.ch\/index.php?rest_route=%2Fwp%2Fv2%2Fcomments&post=78"}],"version-history":[{"count":61,"href":"https:\/\/www.le-roi-babar.ch\/index.php?rest_route=\/wp\/v2\/pages\/78\/revisions"}],"predecessor-version":[{"id":10532,"href":"https:\/\/www.le-roi-babar.ch\/index.php?rest_route=\/wp\/v2\/pages\/78\/revisions\/10532"}],"wp:featuredmedia":[{"embeddable":true,"href":"https:\/\/www.le-roi-babar.ch\/index.php?rest_route=\/wp\/v2\/media\/785"}],"wp:attachment":[{"href":"https:\/\/www.le-roi-babar.ch\/index.php?rest_route=%2Fwp%2Fv2%2Fmedia&parent=78"}],"curies":[{"name":"wp","href":"https:\/\/api.w.org\/{rel}","templated":true}]}}