{"id":81,"date":"2013-08-16T08:31:16","date_gmt":"2013-08-16T08:31:16","guid":{"rendered":"http:\/\/babar.chili.ch\/wordpress\/?page_id=81"},"modified":"2023-07-21T16:19:54","modified_gmt":"2023-07-21T14:19:54","slug":"kontakt","status":"publish","type":"page","link":"https:\/\/www.le-roi-babar.ch\/?page_id=81","title":{"rendered":"Kontakt, Copyright"},"content":{"rendered":"<p>Die <strong>Herausgabe<\/strong> und die <strong>Redaktion<\/strong><\/p>\n<p>dieser Webseite liegen bei der Besatzung von Le Roi BABAR.<\/p>\n<p>&nbsp;<\/p>\n<p><strong>Redaktor und Verantwortlicher im Sinne der Datenschutzgesetze:<\/strong><\/p>\n<p>Hans-Peter Kurz<br \/>\nH\u00e4rdlenstrasse 91<br \/>\nCH-8302 Kloten, Schweiz<br \/>\nmail: <a href=\"mailto:le-roi-babar@bluewin.ch\">le-roi-babar@bluewin.ch<\/a><br \/>\nTelefon: 0041794008585<\/p>\n<p><em><strong>und ganz nebenbei:\u00a0 \u00a0<\/strong><\/em><\/p>\n<p>andere Namen finden sich auf dieser Webseite in aller Regel nur bei Schiffen und Tieren&#8230;<\/p>\n<p>&nbsp;<\/p>\n<p><strong>Fragen, Anregungen, Hinweise<\/strong>, etc<\/p>\n<p>erreichen Le Roi BABAR bzw dessen Besatzung (wie immer: Internetzugang vorausgesetzt&#8230;) \u00fcber die folgende Adresse:<\/p>\n<p><a href=\"mailto:le-roi-babar@bluewin.ch\">le-roi-babar@bluewin.ch<\/a><\/p>\n<p><em><strong>wobei<\/strong><\/em>:<\/p>\n<p>Diese Webseite soll Informationen und Erinnerungen weitergeben und speichern, aber <strong><em>kein<\/em> <\/strong>Forum zum allgemeinen Meinungsaustausch sein&#8230;<\/p>\n<p>&nbsp;<\/p>\n<p><strong>Urheber- und Markenrechte:<\/strong><\/p>\n<p><strong><br \/>\n<\/strong>Alle auf dieser Website dargestellten Inhalte wie Texte, Fotografien, Grafiken, Marken und Warenzeichen sind durch die jeweiligen Schutzrechte (Urheberrechte, Markenrechte) gesch\u00fctzt. Die Verwendung, Vervielf\u00e4ltigung usw. unterliegen unseren Rechten oder den Rechten der jeweiligen Urheber bzw. Rechteverwalter.<\/p>\n<p>&nbsp;<\/p>\n<p><strong>Zitate aus dieser Webseite:<\/strong><\/p>\n<p><strong><br \/>\nDiese Webseite\u00a0 darf nur unter der Voraussetzung zitiert <\/strong>werden, <strong>dass<\/strong><\/p>\n<p>&#8211; der <strong>Text<\/strong> dabei\u00a0<strong>nicht ver\u00e4ndert<\/strong>, und<br \/>\n&#8211; die <strong>Quelle<\/strong> (also: &#8222;www.le-roi-babar.ch&#8220;) ausdr\u00fccklich <strong>angegeben<\/strong> wird.<\/p>\n<p><strong>Aus dieser Webseite darf Text<\/strong> nur unver\u00e4ndert und nur unter der Voraussetzung <strong>zitiert<\/strong> werden, dass die <strong>Quelle<\/strong> (also: &#8222;www.le-roi-babar.ch&#8220;) <strong>ausdr\u00fccklich angegeben<\/strong> wird.<\/p>\n<p><strong>Aus dieser Webseite d\u00fcrfen<\/strong> <strong>Bilder<\/strong> \/ <strong>Fotos<\/strong> nur unter der Voraussetzung <strong>zitiert<\/strong> \/ k<strong>opiert<\/strong> werden, dass die <strong>Quelle<\/strong> (also: &#8222;www.le-roi-babar.ch&#8220;) <strong>ausdr\u00fccklich angeben<\/strong> wird.<\/p>\n<p>&nbsp;<\/p>\n<p><strong>Bildquellen und Urheberrechtshinweise:<\/strong><\/p>\n<p>Auf dieser Webseite wollen wir nur Fotos zeigen, die von der Besatzung von Le Roi BABAR oder von deren Freunden oder Bekannten gemacht worden sind, wobei bei Letzteren jeweilen der Name des Autors angegeben wird.<br \/>\nSollte sich dennoch aus irgendwelchen Gr\u00fcnden ein fremdes Bild auf die Webseite verirrt haben, bitten wir um Benachrichtigung, damit es unverz\u00fcglich entfernt werden kann.<\/p>\n<p>&nbsp;<\/p>\n<p><strong>Haftungsausschluss:<\/strong><\/p>\n<p>Die Inhalte dieser Webseite werden sorgf\u00e4ltig und nach unserem aktuellen Kenntnisstand erstellt, dienen jedoch nur der Information und entfalten keine rechtlich bindende Wirkung, sofern es sich nicht um gesetzlich verpflichtende Informationen handelt.<br \/>\nWir behalten uns vor, die Inhalte dieser Webseite jederzeit vollst\u00e4ndig oder teilweise zu \u00e4ndern oder zu l\u00f6schen und sind anderseits nicht dazu verpflichtet, Inhalte dieser Website zu aktualisieren.<br \/>\nDie Benutzung bzw. der Zugang zu dieser Website geschieht auf eigene Gefahr des Besuchers. Die Redaktion bzw der Herausgeber sind nicht verantwortlich f\u00fcr Sch\u00e4den wie direkte, indirekte, zuf\u00e4llige, vorab konkret zu bestimmende oder Folgesch\u00e4den, die angeblich durch den Besuch dieser Website entstanden sind und \u00fcbernehmen hierf\u00fcr keine Haftung.<br \/>\nHaftungsanspr\u00fcche aus Sch\u00e4den materieller oder ideeller Art, die durch die Nutzung der angebotenen Informationen verursacht wurden, sind ausgeschlossen, sofern kein nachweislich vors\u00e4tzliches oder grob fahrl\u00e4ssiges Verschulden vorliegt.<\/p>\n<p>&nbsp;<\/p>\n<p><strong>links auf fremde Webseiten:<\/strong><\/p>\n<p>Inhalte fremder Webseiten, auf die wir direkt oder indirekt verweisen, machen wir uns nicht zu Eigen und liegen au\u00dferhalb unseres Verantwortungsbereiches. F\u00fcr alle Inhalte und insbesondere f\u00fcr Sch\u00e4den, die aus der Nutzung der in den verlinkten Webseiten abrufbaren Informationen entstehen, haftet allein der Anbieter der verlinkten Webseiten.<\/p>\n<p>&nbsp;<\/p>\n<p><strong>Hinweise auf Rechtsverst\u00f6\u00dfe:<\/strong><\/p>\n<p>Sollten innerhalb unseres Internetauftritts Rechtsverst\u00f6\u00dfe festgestellt werden, bitten wir darum, uns auf diese hinzuweisen. Wir werden rechtswidrige Inhalte und Links nach Kenntnisnahme unverz\u00fcglich entfernen.<\/p>\n<p>&nbsp;<\/p>\n<p><strong>Datenschutz:<\/strong><\/p>\n<p>Gest\u00fctzt auf Artikel 13 der schweizerischen Bundesverfassung und die datenschutzrechtlichen Bestimmungen des Bundes (Datenschutzgesetz, DSG) hat jede Person Anspruch auf Schutz ihrer Privatsph\u00e4re sowie auf Schutz vor Missbrauch ihrer pers\u00f6nlichen Daten. Die Herausgeber dieser Seiten nehmen den Schutz aller pers\u00f6nlichen Daten ernst. Personenbezogene Daten werden vertraulich und entsprechend den gesetzlichen Datenschutzvorschriften sowie dieser Datenschutzerkl\u00e4rung behandelt.<br \/>\nIn Zusammenarbeit mit unseren Hosting-Providern bem\u00fchen wir uns, die Datenbanken so gut wie m\u00f6glich vor fremden Zugriffen, Verlusten, Missbrauch oder vor F\u00e4lschung zu sch\u00fctzen.<br \/>\nDiese Website nutzt aus Gr\u00fcnden der Sicherheit eine SSL-\/TLS-Verschl\u00fcsselung. Eine verschl\u00fcsselte Verbindung ist zu erkennen an der Adresszeile des Browsers (wechselt von &#8222;http:\/\/&#8220; auf &#8222;https:\/\/&#8220; ) und an dem Schloss-Symbol in der Browserzeile.<br \/>\nWir weisen darauf hin, dass die Daten\u00fcbertragung im Internet (z.B. bei der Kommunikation per E-Mail) aber Sicherheitsl\u00fccken aufweisen kann. Ein l\u00fcckenloser Schutz der Daten vor dem Zugriff durch Dritte ist nicht m\u00f6glich.<\/p>\n<p>Diese Website kann grunds\u00e4tzlich ohne Registrierung besucht werden.<br \/>\nPersonenbezogene Daten, insbesondere Name, Adresse oder E-Mail-Adresse werden nicht erhoben.<br \/>\nDurch die Nutzung dieser Website erkl\u00e4ren Sie sich mit der Erhebung, Verarbeitung und Nutzung von Daten gem\u00e4ss der nachfolgenden Beschreibung einverstanden:<br \/>\nEs werden m\u00f6glicherweise Daten wie beispielsweise aufgerufene Seiten, Datum oder Herkunftsregion zu statistischen Zwecken auf dem Server gespeichert, ohne dass diese Daten auf eine Person bezogen werden k\u00f6nnen.<\/p>\n<p>&nbsp;<\/p>\n<p><em><strong>Dieser Text wurde<\/strong><\/em><\/p>\n<p><a href=\"https:\/\/datenschutz-generator.de\/?l=de\">Erstellt mit kostenlosem Datenschutz-Generator.de von Dr. Thomas Schwenke<\/a><br \/>\n<em><strong>und mit den Mustervorlagen von\u00a0 \u00a0 <\/strong><\/em><a href=\"https:\/\/www.swissanwalt.ch\">SwissAnwalt<\/a><\/p>\n<p>&nbsp;<\/p>\n<p>&nbsp;<\/p>\n<p>&nbsp;<\/p>\n<p>&nbsp;<\/p>\n<p>&nbsp;<\/p>\n<p>&nbsp;<\/p>\n<p>&nbsp;<\/p>\n<p>&nbsp;<\/p>\n<p>&nbsp;<\/p>\n<p>&nbsp;<\/p>\n<p>&nbsp;<\/p>\n<p>&nbsp;<\/p>\n","protected":false},"excerpt":{"rendered":"<p>Die Herausgabe und die Redaktion dieser Webseite liegen bei der Besatzung von Le Roi BABAR. &nbsp; Redaktor und Verantwortlicher im Sinne der Datenschutzgesetze: Hans-Peter Kurz H\u00e4rdlenstrasse 91 CH-8302 Kloten, Schweiz mail: le-roi-babar@bluewin.ch Telefon: 0041794008585 und ganz nebenbei:\u00a0 \u00a0 andere Namen &hellip; <a href=\"https:\/\/www.le-roi-babar.ch\/?page_id=81\">Weiterlesen <span class=\"meta-nav\">&rarr;<\/span><\/a><\/p>\n","protected":false},"author":1,"featured_media":786,"parent":0,"menu_order":8,"comment_status":"open","ping_status":"closed","template":"showcase.php","meta":{"footnotes":""},"class_list":["post-81","page","type-page","status-publish","has-post-thumbnail","hentry"],"_links":{"self":[{"href":"https:\/\/www.le-roi-babar.ch\/index.php?rest_route=\/wp\/v2\/pages\/81","targetHints":{"allow":["GET"]}}],"collection":[{"href":"https:\/\/www.le-roi-babar.ch\/index.php?rest_route=\/wp\/v2\/pages"}],"about":[{"href":"https:\/\/www.le-roi-babar.ch\/index.php?rest_route=\/wp\/v2\/types\/page"}],"author":[{"embeddable":true,"href":"https:\/\/www.le-roi-babar.ch\/index.php?rest_route=\/wp\/v2\/users\/1"}],"replies":[{"embeddable":true,"href":"https:\/\/www.le-roi-babar.ch\/index.php?rest_route=%2Fwp%2Fv2%2Fcomments&post=81"}],"version-history":[{"count":57,"href":"https:\/\/www.le-roi-babar.ch\/index.php?rest_route=\/wp\/v2\/pages\/81\/revisions"}],"predecessor-version":[{"id":10233,"href":"https:\/\/www.le-roi-babar.ch\/index.php?rest_route=\/wp\/v2\/pages\/81\/revisions\/10233"}],"wp:featuredmedia":[{"embeddable":true,"href":"https:\/\/www.le-roi-babar.ch\/index.php?rest_route=\/wp\/v2\/media\/786"}],"wp:attachment":[{"href":"https:\/\/www.le-roi-babar.ch\/index.php?rest_route=%2Fwp%2Fv2%2Fmedia&parent=81"}],"curies":[{"name":"wp","href":"https:\/\/api.w.org\/{rel}","templated":true}]}}