{"id":865,"date":"2013-09-05T16:35:50","date_gmt":"2013-09-05T14:35:50","guid":{"rendered":"http:\/\/babar.chili.ch\/wordpress\/?page_id=865"},"modified":"2020-02-05T10:55:52","modified_gmt":"2020-02-05T09:55:52","slug":"ligne-maginot-aquatique","status":"publish","type":"page","link":"https:\/\/www.le-roi-babar.ch\/?page_id=865","title":{"rendered":"La Ligne Maginot aquatique"},"content":{"rendered":"<h1><\/h1>\n<h1><strong>Noch <em>viel <\/em>fr\u00fcher&#8230;&#8230;<\/strong><\/h1>\n<h1><span style=\"text-decoration: underline;\">Trou\u00e9e de la Sarre &#8211; <\/span><strong><span style=\"text-decoration: underline;\">La Ligne Maginot aquatique<\/span><\/strong><\/h1>\n<p>&nbsp;<\/p>\n<p><b>Auf der Fahrt auf dem <\/b><strong>Saarkanal<\/strong> <b>sind beim Passieren der &#8222;trou\u00e9e de la Sarre&#8220; Einrichtungen der &#8222;Ligne Maginot aquatique&#8220; zu sehen.<\/b><\/p>\n<p>Zwischen den beiden Weltkriegen entstand dort ein &#8222;syst\u00e8me d&#8217;innondations&#8220;, die &#8222;Ligne Maginot aquatique&#8220;, ein grossfl\u00e4chiges System von D\u00e4mmen, das mehrere \u00dcberschwemmungsgebiete f\u00fcllen und damit dort einen Durchmarsch deutscher Truppen verhindern sollte.<\/p>\n<p>Im Westen des Abschnitts waren Sperren bei <strong>Sarralbe <\/strong>(\u00dcberflutung der Albe) und bei <strong>Herbitzheim<\/strong> und <strong>Wittring <\/strong>(\u00dcberflutung der Sarre) eingebaut.<\/p>\n<p>Im Mai 1940, beim deutschen Angriff auf Frankreich, hatten Ueberschwemmungen allerdings keinen Einfluss auf die Kampfhandlungen, weil<br \/>\n&#8211; der deutsche Angriff diese Region umging und die Maginotlinie viel weiter im Westen (Ardennen, Sedan) \u00fcberwand<br \/>\n&#8211; es dannzumal wegen der Jahreszeit ohnehin viel zu wenig Wasser gegeben h\u00e4tte&#8230;<\/p>\n<p>&nbsp;<\/p>\n<p><strong>Sarrealbe<br \/>\n<\/strong>Kreuzung Saarkanal : Albe (Kanal-km 40)<\/p>\n<p>Vorbereiteter Staudamm zum Stauen der Albe und Ueberschwemmen des Gebiets.<br \/>\n3 Blockh\u00e4user (Bunker) zu dessen Schutz.<\/p>\n<p><a href=\"\/wp-content\/uploads\/2013\/09\/saaralbe.003.jpg\"><img loading=\"lazy\" decoding=\"async\" class=\"alignnone size-medium wp-image-1141\" src=\"\/wp-content\/uploads\/2013\/09\/saaralbe.003-300x225.jpg\" alt=\"saaralbe.003\" width=\"300\" height=\"225\" srcset=\"https:\/\/www.le-roi-babar.ch\/wp-content\/uploads\/2013\/09\/saaralbe.003-300x225.jpg 300w, https:\/\/www.le-roi-babar.ch\/wp-content\/uploads\/2013\/09\/saaralbe.003-1024x768.jpg 1024w, https:\/\/www.le-roi-babar.ch\/wp-content\/uploads\/2013\/09\/saaralbe.003-400x300.jpg 400w\" sizes=\"auto, (max-width: 300px) 100vw, 300px\" \/><\/a>  <a href=\"\/wp-content\/uploads\/2013\/09\/saaralbe.002.jpg\"><img loading=\"lazy\" decoding=\"async\" class=\"alignnone size-medium wp-image-1140\" src=\"\/wp-content\/uploads\/2013\/09\/saaralbe.002-300x225.jpg\" alt=\"saaralbe.002\" width=\"300\" height=\"225\" srcset=\"https:\/\/www.le-roi-babar.ch\/wp-content\/uploads\/2013\/09\/saaralbe.002-300x225.jpg 300w, https:\/\/www.le-roi-babar.ch\/wp-content\/uploads\/2013\/09\/saaralbe.002-1024x768.jpg 1024w, https:\/\/www.le-roi-babar.ch\/wp-content\/uploads\/2013\/09\/saaralbe.002-400x300.jpg 400w\" sizes=\"auto, (max-width: 300px) 100vw, 300px\" \/><\/a> <a href=\"\/wp-content\/uploads\/2013\/09\/saaralbe.004.jpg\"><img loading=\"lazy\" decoding=\"async\" class=\"alignnone size-large wp-image-1142\" src=\"\/wp-content\/uploads\/2013\/09\/saaralbe.004-1024x768.jpg\" alt=\"saaralbe.004\" width=\"584\" height=\"438\" srcset=\"https:\/\/www.le-roi-babar.ch\/wp-content\/uploads\/2013\/09\/saaralbe.004-1024x768.jpg 1024w, https:\/\/www.le-roi-babar.ch\/wp-content\/uploads\/2013\/09\/saaralbe.004-300x225.jpg 300w, https:\/\/www.le-roi-babar.ch\/wp-content\/uploads\/2013\/09\/saaralbe.004-400x300.jpg 400w\" sizes=\"auto, (max-width: 584px) 100vw, 584px\" \/><\/a><\/p>\n<p>&nbsp;<\/p>\n<p><i>Blockhaus 1<br \/>\n(gegen\u00fcber Anleger PK 40)<\/i><\/p>\n<p><a href=\"\/wp-content\/uploads\/2013\/09\/saaralbe-1.002.1.jpg\"><img loading=\"lazy\" decoding=\"async\" class=\"alignnone wp-image-7082 size-large\" src=\"\/wp-content\/uploads\/2013\/09\/saaralbe-1.002.1-1024x768.jpg\" alt=\"\" width=\"584\" height=\"438\" srcset=\"https:\/\/www.le-roi-babar.ch\/wp-content\/uploads\/2013\/09\/saaralbe-1.002.1-1024x768.jpg 1024w, https:\/\/www.le-roi-babar.ch\/wp-content\/uploads\/2013\/09\/saaralbe-1.002.1-300x225.jpg 300w, https:\/\/www.le-roi-babar.ch\/wp-content\/uploads\/2013\/09\/saaralbe-1.002.1-768x576.jpg 768w, https:\/\/www.le-roi-babar.ch\/wp-content\/uploads\/2013\/09\/saaralbe-1.002.1-400x300.jpg 400w\" sizes=\"auto, (max-width: 584px) 100vw, 584px\" \/><\/a><a href=\"\/wp-content\/uploads\/2013\/09\/saaralbe-1.003.jpg\"><img loading=\"lazy\" decoding=\"async\" class=\"alignnone size-medium wp-image-1146\" src=\"\/wp-content\/uploads\/2013\/09\/saaralbe-1.003-300x225.jpg\" alt=\"saaralbe-1.003\" width=\"300\" height=\"225\" srcset=\"https:\/\/www.le-roi-babar.ch\/wp-content\/uploads\/2013\/09\/saaralbe-1.003-300x225.jpg 300w, https:\/\/www.le-roi-babar.ch\/wp-content\/uploads\/2013\/09\/saaralbe-1.003-1024x768.jpg 1024w, https:\/\/www.le-roi-babar.ch\/wp-content\/uploads\/2013\/09\/saaralbe-1.003-400x300.jpg 400w\" sizes=\"auto, (max-width: 300px) 100vw, 300px\" \/><\/a>  <a href=\"\/wp-content\/uploads\/2013\/09\/saaralbe-1.005.jpg\"><img loading=\"lazy\" decoding=\"async\" class=\"alignnone size-medium wp-image-1148\" src=\"\/wp-content\/uploads\/2013\/09\/saaralbe-1.005-300x225.jpg\" alt=\"saaralbe-1.005\" width=\"300\" height=\"225\" srcset=\"https:\/\/www.le-roi-babar.ch\/wp-content\/uploads\/2013\/09\/saaralbe-1.005-300x225.jpg 300w, https:\/\/www.le-roi-babar.ch\/wp-content\/uploads\/2013\/09\/saaralbe-1.005-1024x768.jpg 1024w, https:\/\/www.le-roi-babar.ch\/wp-content\/uploads\/2013\/09\/saaralbe-1.005-400x300.jpg 400w\" sizes=\"auto, (max-width: 300px) 100vw, 300px\" \/><\/a><\/p>\n<p><i>Blockhaus 2<\/i><\/p>\n<p><a href=\"\/wp-content\/uploads\/2013\/09\/Saarkanal.Sarralbe.08-15.028.jpg\"><img loading=\"lazy\" decoding=\"async\" class=\"alignnone size-large wp-image-4279\" src=\"\/wp-content\/uploads\/2013\/09\/Saarkanal.Sarralbe.08-15.028-1024x768.jpg\" alt=\"Saarkanal.Sarralbe.08-15.028\" width=\"584\" height=\"438\" srcset=\"https:\/\/www.le-roi-babar.ch\/wp-content\/uploads\/2013\/09\/Saarkanal.Sarralbe.08-15.028-1024x768.jpg 1024w, https:\/\/www.le-roi-babar.ch\/wp-content\/uploads\/2013\/09\/Saarkanal.Sarralbe.08-15.028-300x225.jpg 300w, https:\/\/www.le-roi-babar.ch\/wp-content\/uploads\/2013\/09\/Saarkanal.Sarralbe.08-15.028-400x300.jpg 400w\" sizes=\"auto, (max-width: 584px) 100vw, 584px\" \/><\/a><a href=\"\/wp-content\/uploads\/2013\/09\/Saarkanal.Sarralbe.08-15.081.jpg\"><img loading=\"lazy\" decoding=\"async\" class=\"alignnone size-medium wp-image-4283\" src=\"\/wp-content\/uploads\/2013\/09\/Saarkanal.Sarralbe.08-15.081-300x225.jpg\" alt=\"Saarkanal.Sarralbe.08-15.081\" width=\"300\" height=\"225\" srcset=\"https:\/\/www.le-roi-babar.ch\/wp-content\/uploads\/2013\/09\/Saarkanal.Sarralbe.08-15.081-300x225.jpg 300w, https:\/\/www.le-roi-babar.ch\/wp-content\/uploads\/2013\/09\/Saarkanal.Sarralbe.08-15.081-1024x768.jpg 1024w, https:\/\/www.le-roi-babar.ch\/wp-content\/uploads\/2013\/09\/Saarkanal.Sarralbe.08-15.081-400x300.jpg 400w\" sizes=\"auto, (max-width: 300px) 100vw, 300px\" \/><\/a> <a href=\"\/wp-content\/uploads\/2013\/09\/saaralbe-2.001.jpg\"> <\/a><a href=\"\/wp-content\/uploads\/2013\/09\/saaralbe-2.022.jpg\"><img loading=\"lazy\" decoding=\"async\" class=\"alignnone size-medium wp-image-1175\" src=\"\/wp-content\/uploads\/2013\/09\/saaralbe-2.022-300x225.jpg\" alt=\"saaralbe-2.022\" width=\"300\" height=\"225\" srcset=\"https:\/\/www.le-roi-babar.ch\/wp-content\/uploads\/2013\/09\/saaralbe-2.022-300x225.jpg 300w, https:\/\/www.le-roi-babar.ch\/wp-content\/uploads\/2013\/09\/saaralbe-2.022-1024x768.jpg 1024w, https:\/\/www.le-roi-babar.ch\/wp-content\/uploads\/2013\/09\/saaralbe-2.022-400x300.jpg 400w\" sizes=\"auto, (max-width: 300px) 100vw, 300px\" \/><\/a> <a href=\"\/wp-content\/uploads\/2013\/09\/saaralbe-2.008.jpg\"><img loading=\"lazy\" decoding=\"async\" class=\"alignnone size-medium wp-image-1161\" src=\"\/wp-content\/uploads\/2013\/09\/saaralbe-2.008-300x225.jpg\" alt=\"saaralbe-2.008\" width=\"300\" height=\"225\" srcset=\"https:\/\/www.le-roi-babar.ch\/wp-content\/uploads\/2013\/09\/saaralbe-2.008-300x225.jpg 300w, https:\/\/www.le-roi-babar.ch\/wp-content\/uploads\/2013\/09\/saaralbe-2.008-1024x768.jpg 1024w, https:\/\/www.le-roi-babar.ch\/wp-content\/uploads\/2013\/09\/saaralbe-2.008-400x300.jpg 400w\" sizes=\"auto, (max-width: 300px) 100vw, 300px\" \/><\/a>  <a href=\"\/wp-content\/uploads\/2013\/09\/saaralbe-2.019.jpg\"><img loading=\"lazy\" decoding=\"async\" class=\"alignnone size-medium wp-image-1172\" src=\"\/wp-content\/uploads\/2013\/09\/saaralbe-2.019-300x225.jpg\" alt=\"saaralbe-2.019\" width=\"300\" height=\"225\" srcset=\"https:\/\/www.le-roi-babar.ch\/wp-content\/uploads\/2013\/09\/saaralbe-2.019-300x225.jpg 300w, https:\/\/www.le-roi-babar.ch\/wp-content\/uploads\/2013\/09\/saaralbe-2.019-1024x768.jpg 1024w, https:\/\/www.le-roi-babar.ch\/wp-content\/uploads\/2013\/09\/saaralbe-2.019-400x300.jpg 400w\" sizes=\"auto, (max-width: 300px) 100vw, 300px\" \/><\/a><\/p>\n<p><i>Blockhaus 3<\/i><\/p>\n<p><a href=\"\/wp-content\/uploads\/2013\/09\/Saarkanal.Sarralbe.08-15.034.jpg\"><img loading=\"lazy\" decoding=\"async\" class=\"alignnone size-large wp-image-4281\" src=\"\/wp-content\/uploads\/2013\/09\/Saarkanal.Sarralbe.08-15.034-1024x768.jpg\" alt=\"Saarkanal.Sarralbe.08-15.034\" width=\"584\" height=\"438\" srcset=\"https:\/\/www.le-roi-babar.ch\/wp-content\/uploads\/2013\/09\/Saarkanal.Sarralbe.08-15.034-1024x768.jpg 1024w, https:\/\/www.le-roi-babar.ch\/wp-content\/uploads\/2013\/09\/Saarkanal.Sarralbe.08-15.034-300x225.jpg 300w, https:\/\/www.le-roi-babar.ch\/wp-content\/uploads\/2013\/09\/Saarkanal.Sarralbe.08-15.034-400x300.jpg 400w\" sizes=\"auto, (max-width: 584px) 100vw, 584px\" \/><\/a><a href=\"\/wp-content\/uploads\/2013\/09\/Saarkanal.Sarralbe.08-15.086.jpg\"><img loading=\"lazy\" decoding=\"async\" class=\"alignnone size-medium wp-image-4284\" src=\"\/wp-content\/uploads\/2013\/09\/Saarkanal.Sarralbe.08-15.086-300x225.jpg\" alt=\"Saarkanal.Sarralbe.08-15.086\" width=\"300\" height=\"225\" srcset=\"https:\/\/www.le-roi-babar.ch\/wp-content\/uploads\/2013\/09\/Saarkanal.Sarralbe.08-15.086-300x225.jpg 300w, https:\/\/www.le-roi-babar.ch\/wp-content\/uploads\/2013\/09\/Saarkanal.Sarralbe.08-15.086-1024x768.jpg 1024w, https:\/\/www.le-roi-babar.ch\/wp-content\/uploads\/2013\/09\/Saarkanal.Sarralbe.08-15.086-400x300.jpg 400w\" sizes=\"auto, (max-width: 300px) 100vw, 300px\" \/><\/a> <a href=\"\/wp-content\/uploads\/2013\/09\/Saarkanal.Sarralbe.08-15.092.jpg\"><img loading=\"lazy\" decoding=\"async\" class=\"alignnone size-medium wp-image-4285\" src=\"\/wp-content\/uploads\/2013\/09\/Saarkanal.Sarralbe.08-15.092-300x225.jpg\" alt=\"Saarkanal.Sarralbe.08-15.092\" width=\"300\" height=\"225\" srcset=\"https:\/\/www.le-roi-babar.ch\/wp-content\/uploads\/2013\/09\/Saarkanal.Sarralbe.08-15.092-300x225.jpg 300w, https:\/\/www.le-roi-babar.ch\/wp-content\/uploads\/2013\/09\/Saarkanal.Sarralbe.08-15.092-1024x768.jpg 1024w, https:\/\/www.le-roi-babar.ch\/wp-content\/uploads\/2013\/09\/Saarkanal.Sarralbe.08-15.092-400x300.jpg 400w\" sizes=\"auto, (max-width: 300px) 100vw, 300px\" \/><\/a><\/p>\n<p><i>Damm &#8211; Verankerungen<\/i><\/p>\n<p><a href=\"\/wp-content\/uploads\/2013\/09\/saaralbe-4.007.jpg\"><img loading=\"lazy\" decoding=\"async\" class=\"alignnone size-medium wp-image-1186\" src=\"\/wp-content\/uploads\/2013\/09\/saaralbe-4.007-300x225.jpg\" alt=\"saaralbe-4.007\" width=\"300\" height=\"225\" srcset=\"https:\/\/www.le-roi-babar.ch\/wp-content\/uploads\/2013\/09\/saaralbe-4.007-300x225.jpg 300w, https:\/\/www.le-roi-babar.ch\/wp-content\/uploads\/2013\/09\/saaralbe-4.007-1024x768.jpg 1024w, https:\/\/www.le-roi-babar.ch\/wp-content\/uploads\/2013\/09\/saaralbe-4.007-400x300.jpg 400w\" sizes=\"auto, (max-width: 300px) 100vw, 300px\" \/><\/a>  <a href=\"\/wp-content\/uploads\/2013\/09\/saaralbe-4.008.jpg\"><img loading=\"lazy\" decoding=\"async\" class=\"alignnone size-medium wp-image-1187\" src=\"\/wp-content\/uploads\/2013\/09\/saaralbe-4.008-300x225.jpg\" alt=\"saaralbe-4.008\" width=\"300\" height=\"225\" srcset=\"https:\/\/www.le-roi-babar.ch\/wp-content\/uploads\/2013\/09\/saaralbe-4.008-300x225.jpg 300w, https:\/\/www.le-roi-babar.ch\/wp-content\/uploads\/2013\/09\/saaralbe-4.008-1024x768.jpg 1024w, https:\/\/www.le-roi-babar.ch\/wp-content\/uploads\/2013\/09\/saaralbe-4.008-400x300.jpg 400w\" sizes=\"auto, (max-width: 300px) 100vw, 300px\" \/><\/a> <a href=\"\/wp-content\/uploads\/2013\/09\/saaralbe-4.001.jpg\"><img loading=\"lazy\" decoding=\"async\" class=\"alignnone size-medium wp-image-1180\" src=\"\/wp-content\/uploads\/2013\/09\/saaralbe-4.001-300x225.jpg\" alt=\"saaralbe-4.001\" width=\"300\" height=\"225\" srcset=\"https:\/\/www.le-roi-babar.ch\/wp-content\/uploads\/2013\/09\/saaralbe-4.001-300x225.jpg 300w, https:\/\/www.le-roi-babar.ch\/wp-content\/uploads\/2013\/09\/saaralbe-4.001-1024x768.jpg 1024w, https:\/\/www.le-roi-babar.ch\/wp-content\/uploads\/2013\/09\/saaralbe-4.001-400x300.jpg 400w\" sizes=\"auto, (max-width: 300px) 100vw, 300px\" \/><\/a>  <a href=\"\/wp-content\/uploads\/2013\/09\/saaralbe-4.004.jpg\"><img loading=\"lazy\" decoding=\"async\" class=\"alignnone size-medium wp-image-1183\" src=\"\/wp-content\/uploads\/2013\/09\/saaralbe-4.004-300x225.jpg\" alt=\"saaralbe-4.004\" width=\"300\" height=\"225\" srcset=\"https:\/\/www.le-roi-babar.ch\/wp-content\/uploads\/2013\/09\/saaralbe-4.004-300x225.jpg 300w, https:\/\/www.le-roi-babar.ch\/wp-content\/uploads\/2013\/09\/saaralbe-4.004-1024x768.jpg 1024w, https:\/\/www.le-roi-babar.ch\/wp-content\/uploads\/2013\/09\/saaralbe-4.004-400x300.jpg 400w\" sizes=\"auto, (max-width: 300px) 100vw, 300px\" \/><\/a> <a href=\"\/wp-content\/uploads\/2013\/09\/saaralbe-4.006.jpg\"><img loading=\"lazy\" decoding=\"async\" class=\"alignnone size-large wp-image-1185\" src=\"\/wp-content\/uploads\/2013\/09\/saaralbe-4.006-1024x768.jpg\" alt=\"saaralbe-4.006\" width=\"548\" height=\"399\" \/><\/a><\/p>\n<p><strong>Herbitzheim<\/strong><\/p>\n<p>Kreuzung Saarkanal \/ Saar : Autobahn A4 (Kanal-km 46)<\/p>\n<p>Vorbereiteter Staudamm zum Stauen der Saar und Ueberschwemmen des Gebiets.<br \/>\n3 Blockh\u00e4user (Bunker) zu dessen Schutz.<i><\/i><\/p>\n<p><i> <\/i><i>Blockhaus 1<\/i><\/p>\n<p><a href=\"\/wp-content\/uploads\/2013\/09\/Saarkanal.Herbitzheim.08-15.013.jpg\"><img loading=\"lazy\" decoding=\"async\" class=\"alignnone size-large wp-image-4273\" src=\"\/wp-content\/uploads\/2013\/09\/Saarkanal.Herbitzheim.08-15.013-1024x768.jpg\" alt=\"Saarkanal.Herbitzheim.08-15.013\" width=\"584\" height=\"438\" srcset=\"https:\/\/www.le-roi-babar.ch\/wp-content\/uploads\/2013\/09\/Saarkanal.Herbitzheim.08-15.013-1024x768.jpg 1024w, https:\/\/www.le-roi-babar.ch\/wp-content\/uploads\/2013\/09\/Saarkanal.Herbitzheim.08-15.013-300x225.jpg 300w, https:\/\/www.le-roi-babar.ch\/wp-content\/uploads\/2013\/09\/Saarkanal.Herbitzheim.08-15.013-400x300.jpg 400w\" sizes=\"auto, (max-width: 584px) 100vw, 584px\" \/><\/a><a href=\"\/wp-content\/uploads\/2013\/09\/Saarkanal.Herbitzheim.08-15.009.jpg\"><img loading=\"lazy\" decoding=\"async\" class=\"alignnone size-medium wp-image-4271\" src=\"\/wp-content\/uploads\/2013\/09\/Saarkanal.Herbitzheim.08-15.009-300x225.jpg\" alt=\"Saarkanal.Herbitzheim.08-15.009\" width=\"300\" height=\"225\" srcset=\"https:\/\/www.le-roi-babar.ch\/wp-content\/uploads\/2013\/09\/Saarkanal.Herbitzheim.08-15.009-300x225.jpg 300w, https:\/\/www.le-roi-babar.ch\/wp-content\/uploads\/2013\/09\/Saarkanal.Herbitzheim.08-15.009-1024x768.jpg 1024w, https:\/\/www.le-roi-babar.ch\/wp-content\/uploads\/2013\/09\/Saarkanal.Herbitzheim.08-15.009-400x300.jpg 400w\" sizes=\"auto, (max-width: 300px) 100vw, 300px\" \/> <\/a><a href=\"\/wp-content\/uploads\/2013\/09\/Saarkanal.Herbitzheim.08-15.037.jpg\"><img loading=\"lazy\" decoding=\"async\" class=\"alignnone size-medium wp-image-4275\" src=\"\/wp-content\/uploads\/2013\/09\/Saarkanal.Herbitzheim.08-15.037-300x225.jpg\" alt=\"Saarkanal.Herbitzheim.08-15.037\" width=\"300\" height=\"225\" srcset=\"https:\/\/www.le-roi-babar.ch\/wp-content\/uploads\/2013\/09\/Saarkanal.Herbitzheim.08-15.037-300x225.jpg 300w, https:\/\/www.le-roi-babar.ch\/wp-content\/uploads\/2013\/09\/Saarkanal.Herbitzheim.08-15.037-1024x768.jpg 1024w, https:\/\/www.le-roi-babar.ch\/wp-content\/uploads\/2013\/09\/Saarkanal.Herbitzheim.08-15.037-400x300.jpg 400w\" sizes=\"auto, (max-width: 300px) 100vw, 300px\" \/><\/a> <a href=\"\/wp-content\/uploads\/2013\/09\/Saarkanal.Herbitzheim.08-15.031.jpg\"><img loading=\"lazy\" decoding=\"async\" class=\"alignnone size-medium wp-image-4274\" src=\"\/wp-content\/uploads\/2013\/09\/Saarkanal.Herbitzheim.08-15.031-300x225.jpg\" alt=\"Saarkanal.Herbitzheim.08-15.031\" width=\"300\" height=\"225\" srcset=\"https:\/\/www.le-roi-babar.ch\/wp-content\/uploads\/2013\/09\/Saarkanal.Herbitzheim.08-15.031-300x225.jpg 300w, https:\/\/www.le-roi-babar.ch\/wp-content\/uploads\/2013\/09\/Saarkanal.Herbitzheim.08-15.031-1024x768.jpg 1024w, https:\/\/www.le-roi-babar.ch\/wp-content\/uploads\/2013\/09\/Saarkanal.Herbitzheim.08-15.031-400x300.jpg 400w\" sizes=\"auto, (max-width: 300px) 100vw, 300px\" \/><\/a> <a href=\"\/wp-content\/uploads\/2013\/09\/herbitzheim-1.006.jpg\"><img loading=\"lazy\" decoding=\"async\" class=\"alignnone size-medium wp-image-1122\" src=\"\/wp-content\/uploads\/2013\/09\/herbitzheim-1.006-300x225.jpg\" alt=\"herbitzheim-1.006\" width=\"300\" height=\"225\" srcset=\"https:\/\/www.le-roi-babar.ch\/wp-content\/uploads\/2013\/09\/herbitzheim-1.006-300x225.jpg 300w, https:\/\/www.le-roi-babar.ch\/wp-content\/uploads\/2013\/09\/herbitzheim-1.006-1024x768.jpg 1024w, https:\/\/www.le-roi-babar.ch\/wp-content\/uploads\/2013\/09\/herbitzheim-1.006-400x300.jpg 400w\" sizes=\"auto, (max-width: 300px) 100vw, 300px\" \/><\/a><\/p>\n<p><i>Blockhaus 2 und 3<\/i><\/p>\n<p><a href=\"\/wp-content\/uploads\/2013\/09\/herbitzheim-2.001.jpg\"><img loading=\"lazy\" decoding=\"async\" class=\"alignnone size-large wp-image-1132\" src=\"\/wp-content\/uploads\/2013\/09\/herbitzheim-2.001-1024x768.jpg\" alt=\"herbitzheim-2.001\" width=\"584\" height=\"438\" srcset=\"https:\/\/www.le-roi-babar.ch\/wp-content\/uploads\/2013\/09\/herbitzheim-2.001-1024x768.jpg 1024w, https:\/\/www.le-roi-babar.ch\/wp-content\/uploads\/2013\/09\/herbitzheim-2.001-300x225.jpg 300w, https:\/\/www.le-roi-babar.ch\/wp-content\/uploads\/2013\/09\/herbitzheim-2.001-400x300.jpg 400w\" sizes=\"auto, (max-width: 584px) 100vw, 584px\" \/><\/a> <a href=\"\/wp-content\/uploads\/2013\/09\/herbitzheim-4.001.jpg\"><img loading=\"lazy\" decoding=\"async\" class=\"alignnone size-medium wp-image-1139\" src=\"\/wp-content\/uploads\/2013\/09\/herbitzheim-4.001-300x225.jpg\" alt=\"herbitzheim-4.001\" width=\"300\" height=\"225\" srcset=\"https:\/\/www.le-roi-babar.ch\/wp-content\/uploads\/2013\/09\/herbitzheim-4.001-300x225.jpg 300w, https:\/\/www.le-roi-babar.ch\/wp-content\/uploads\/2013\/09\/herbitzheim-4.001-1024x768.jpg 1024w, https:\/\/www.le-roi-babar.ch\/wp-content\/uploads\/2013\/09\/herbitzheim-4.001-400x300.jpg 400w\" sizes=\"auto, (max-width: 300px) 100vw, 300px\" \/><\/a> <a href=\"\/wp-content\/uploads\/2013\/09\/Saarkanal.Herbitzheim.08-15.005.jpg\"><img loading=\"lazy\" decoding=\"async\" class=\"alignnone size-medium wp-image-4263\" src=\"\/wp-content\/uploads\/2013\/09\/Saarkanal.Herbitzheim.08-15.005-300x225.jpg\" alt=\"Saarkanal.Herbitzheim.08-15.005\" width=\"300\" height=\"225\" srcset=\"https:\/\/www.le-roi-babar.ch\/wp-content\/uploads\/2013\/09\/Saarkanal.Herbitzheim.08-15.005-300x225.jpg 300w, https:\/\/www.le-roi-babar.ch\/wp-content\/uploads\/2013\/09\/Saarkanal.Herbitzheim.08-15.005-1024x768.jpg 1024w, https:\/\/www.le-roi-babar.ch\/wp-content\/uploads\/2013\/09\/Saarkanal.Herbitzheim.08-15.005-400x300.jpg 400w\" sizes=\"auto, (max-width: 300px) 100vw, 300px\" \/><\/a><\/p>\n<p><i>Damm &#8211; Verankerungen<\/i><\/p>\n<p><a href=\"\/wp-content\/uploads\/2013\/09\/DSCN0276.jpg\"><img loading=\"lazy\" decoding=\"async\" class=\"alignnone wp-image-8207 size-large\" src=\"\/wp-content\/uploads\/2013\/09\/DSCN0276-1024x768.jpg\" alt=\"\" width=\"584\" height=\"438\" srcset=\"https:\/\/www.le-roi-babar.ch\/wp-content\/uploads\/2013\/09\/DSCN0276-1024x768.jpg 1024w, https:\/\/www.le-roi-babar.ch\/wp-content\/uploads\/2013\/09\/DSCN0276-300x225.jpg 300w, https:\/\/www.le-roi-babar.ch\/wp-content\/uploads\/2013\/09\/DSCN0276-768x576.jpg 768w, https:\/\/www.le-roi-babar.ch\/wp-content\/uploads\/2013\/09\/DSCN0276-400x300.jpg 400w\" sizes=\"auto, (max-width: 584px) 100vw, 584px\" \/><\/a><\/p>\n<p><a href=\"\/wp-content\/uploads\/2013\/09\/DSCN0284.jpg\"><img loading=\"lazy\" decoding=\"async\" class=\"alignnone wp-image-8205 size-medium\" src=\"\/wp-content\/uploads\/2013\/09\/DSCN0284-300x225.jpg\" alt=\"\" width=\"300\" height=\"225\" srcset=\"https:\/\/www.le-roi-babar.ch\/wp-content\/uploads\/2013\/09\/DSCN0284-300x225.jpg 300w, https:\/\/www.le-roi-babar.ch\/wp-content\/uploads\/2013\/09\/DSCN0284-768x576.jpg 768w, https:\/\/www.le-roi-babar.ch\/wp-content\/uploads\/2013\/09\/DSCN0284-1024x768.jpg 1024w, https:\/\/www.le-roi-babar.ch\/wp-content\/uploads\/2013\/09\/DSCN0284-400x300.jpg 400w\" sizes=\"auto, (max-width: 300px) 100vw, 300px\" \/><\/a>  <a href=\"\/wp-content\/uploads\/2013\/09\/DSCN0286.jpg\"><img loading=\"lazy\" decoding=\"async\" class=\"alignnone wp-image-8206 size-medium\" src=\"\/wp-content\/uploads\/2013\/09\/DSCN0286-300x225.jpg\" alt=\"\" width=\"300\" height=\"225\" srcset=\"https:\/\/www.le-roi-babar.ch\/wp-content\/uploads\/2013\/09\/DSCN0286-300x225.jpg 300w, https:\/\/www.le-roi-babar.ch\/wp-content\/uploads\/2013\/09\/DSCN0286-768x576.jpg 768w, https:\/\/www.le-roi-babar.ch\/wp-content\/uploads\/2013\/09\/DSCN0286-1024x768.jpg 1024w, https:\/\/www.le-roi-babar.ch\/wp-content\/uploads\/2013\/09\/DSCN0286-400x300.jpg 400w\" sizes=\"auto, (max-width: 300px) 100vw, 300px\" \/><\/a><\/p>\n<p><strong>Wittring<br \/>\n<\/strong>(gegen\u00fcber Anleger)<\/p>\n<p><i>Blockhaus<\/i><\/p>\n<p><i><a href=\"\/wp-content\/uploads\/2013\/09\/0015_15A_1-2.jpeg\"><img loading=\"lazy\" decoding=\"async\" src=\"\/wp-content\/uploads\/2013\/09\/0015_15A_1-2-678x1024.jpeg\" alt=\"0015_15A_1 (2)\" width=\"584\" height=\"882\" \/><\/a><\/i><\/p>\n<address>Bild: ack<\/address>\n<p>Mehr zu erfahren ist vor Ort beispielsweise bei den regelm\u00e4ssigen Spezial-Touren, die das Verkehrsb\u00fcro von Sarreguemines zur &#8222;Maginot aquatique&#8220; durchf\u00fchrt oder im entsprechenden Museum in Sarralbe.<\/p>\n<p><a href=\"\/wp-content\/uploads\/2013\/09\/Saarkanal.04.08.17.012.jpg\"><img loading=\"lazy\" decoding=\"async\" class=\"alignnone wp-image-6484 size-medium\" src=\"\/wp-content\/uploads\/2013\/09\/Saarkanal.04.08.17.012-225x300.jpg\" alt=\"\" width=\"225\" height=\"300\" srcset=\"https:\/\/www.le-roi-babar.ch\/wp-content\/uploads\/2013\/09\/Saarkanal.04.08.17.012-225x300.jpg 225w, https:\/\/www.le-roi-babar.ch\/wp-content\/uploads\/2013\/09\/Saarkanal.04.08.17.012-768x1024.jpg 768w\" sizes=\"auto, (max-width: 225px) 100vw, 225px\" \/><\/a> <a href=\"\/wp-content\/uploads\/2013\/09\/Saarkanal.04.08.17.013.jpg\"><img loading=\"lazy\" decoding=\"async\" class=\"alignnone wp-image-6485 size-medium\" src=\"\/wp-content\/uploads\/2013\/09\/Saarkanal.04.08.17.013-225x300.jpg\" alt=\"\" width=\"225\" height=\"300\" srcset=\"https:\/\/www.le-roi-babar.ch\/wp-content\/uploads\/2013\/09\/Saarkanal.04.08.17.013-225x300.jpg 225w, https:\/\/www.le-roi-babar.ch\/wp-content\/uploads\/2013\/09\/Saarkanal.04.08.17.013-768x1024.jpg 768w\" sizes=\"auto, (max-width: 225px) 100vw, 225px\" \/><\/a><\/p>\n<p>&nbsp;<\/p>\n<p>&nbsp;<\/p>\n","protected":false},"excerpt":{"rendered":"<p>Noch viel fr\u00fcher&#8230;&#8230; Trou\u00e9e de la Sarre &#8211; La Ligne Maginot aquatique &nbsp; Auf der Fahrt auf dem Saarkanal sind beim Passieren der &#8222;trou\u00e9e de la Sarre&#8220; Einrichtungen der &#8222;Ligne Maginot aquatique&#8220; zu sehen. Zwischen den beiden Weltkriegen entstand dort &hellip; <a href=\"https:\/\/www.le-roi-babar.ch\/?page_id=865\">Weiterlesen <span class=\"meta-nav\">&rarr;<\/span><\/a><\/p>\n","protected":false},"author":1,"featured_media":1112,"parent":0,"menu_order":0,"comment_status":"closed","ping_status":"closed","template":"showcase.php","meta":{"footnotes":""},"class_list":["post-865","page","type-page","status-publish","has-post-thumbnail","hentry"],"_links":{"self":[{"href":"https:\/\/www.le-roi-babar.ch\/index.php?rest_route=\/wp\/v2\/pages\/865","targetHints":{"allow":["GET"]}}],"collection":[{"href":"https:\/\/www.le-roi-babar.ch\/index.php?rest_route=\/wp\/v2\/pages"}],"about":[{"href":"https:\/\/www.le-roi-babar.ch\/index.php?rest_route=\/wp\/v2\/types\/page"}],"author":[{"embeddable":true,"href":"https:\/\/www.le-roi-babar.ch\/index.php?rest_route=\/wp\/v2\/users\/1"}],"replies":[{"embeddable":true,"href":"https:\/\/www.le-roi-babar.ch\/index.php?rest_route=%2Fwp%2Fv2%2Fcomments&post=865"}],"version-history":[{"count":56,"href":"https:\/\/www.le-roi-babar.ch\/index.php?rest_route=\/wp\/v2\/pages\/865\/revisions"}],"predecessor-version":[{"id":9024,"href":"https:\/\/www.le-roi-babar.ch\/index.php?rest_route=\/wp\/v2\/pages\/865\/revisions\/9024"}],"wp:featuredmedia":[{"embeddable":true,"href":"https:\/\/www.le-roi-babar.ch\/index.php?rest_route=\/wp\/v2\/media\/1112"}],"wp:attachment":[{"href":"https:\/\/www.le-roi-babar.ch\/index.php?rest_route=%2Fwp%2Fv2%2Fmedia&parent=865"}],"curies":[{"name":"wp","href":"https:\/\/api.w.org\/{rel}","templated":true}]}}